{"id":238944,"date":"2020-07-08T15:00:10","date_gmt":"2020-07-08T14:00:10","guid":{"rendered":"https:\/\/sweetoilcannabisclub.com\/?page_id=3"},"modified":"2022-07-18T17:17:20","modified_gmt":"2022-07-18T16:17:20","slug":"politique-de-confidentialite","status":"publish","type":"page","link":"https:\/\/sweetoilcannabisclub.com\/fr\/politique-de-confidentialite\/","title":{"rendered":"Politique de confidentialite"},"content":{"rendered":"<pre id=\"tw-target-text\" class=\"tw-data-text tw-text-large XcVN5d tw-ta\" dir=\"ltr\" data-placeholder=\"Translation\"><span lang=\"fr\">POLITIQUE DE CONFIDENTIALIT\u00c9\n\nPar le biais de cet avis, \u00abSWEET OIL CANNABIS CLUB\u00bb (ci-apr\u00e8s \u00abSweet\u00bb), informe les utilisateurs du site Web www.sweetoilcannabisclub.com, conform\u00e9ment \u00e0 l'article 13 du r\u00e8glement europ\u00e9en 2016\/679 du 27 avril (RGPD), de protection de Donn\u00e9es de caract\u00e8re personnel et \u00e9tat de d\u00e9veloppement, dans le but que ceux-ci d\u00e9cident de forme ant\u00e9rieure, sans \u00e9quivoque, libre et volontaire, pour faciliter \u00e0 \"Sweet\" les donn\u00e9es personnelles qui leur sont demand\u00e9es pour la location des diff\u00e9rents services offerts sur le site lui-m\u00eame.\n\nPar cons\u00e9quent, les utilisateurs sont inform\u00e9s que les donn\u00e9es personnelles fournies seront incorpor\u00e9es dans un fichier, dont le propri\u00e9taire et le responsable est \u00abSweet\u00bb, avec si\u00e8ge social \u00e0 C \/ de Sepulveda, 65, 08015 de Barcelone, conduisant \u00e0 un traitement mixte dans le but de maintenir la relation d'affaires ainsi que la gestion, l'administration, la fourniture, l'expansion et l'am\u00e9lioration de nos services.\n\nQuant aux \u00e9ventuelles cessions \u00e0 des tiers collaborateurs, elles sont toujours limit\u00e9es \u00e0 leur consentement pr\u00e9alable ou lorsqu'elles r\u00e9pondent \u00e0 l'acceptation libre et l\u00e9gitime d'une relation juridique dont le d\u00e9veloppement, la conformit\u00e9 et le contr\u00f4le impliquent n\u00e9cessairement la mise en relation d'un tel traitement avec des fichiers tiers. Aussi quand il est couvert par une r\u00e9glementation l\u00e9gale obligatoire.\n\nSauf indication contraire, il est jug\u00e9 n\u00e9cessaire de compl\u00e9ter toutes les donn\u00e9es requises dans les formulaires existants sur le Web, de mani\u00e8re vraie, pr\u00e9cise, compl\u00e8te et mise \u00e0 jour. Dans le cas contraire, \"Sweet\" pourra, selon le cas, ne pas proc\u00e9der \u00e0 l'enregistrement de l'utilisateur, ou refuser le service sp\u00e9cifique demand\u00e9.\n\nDe la m\u00eame mani\u00e8re, conform\u00e9ment \u00e0 ce qui est \u00e9tabli dans la liste normative de protection des donn\u00e9es, l'utilisateur peut exercer ses droits d'acc\u00e8s, de rectification, d'annulation et d'opposition, en adressant une communication \u00e9crite \u00e0 sweetoil@mail.com, dans laquelle certifier votre identit\u00e9 , et en indiquant dans l'objet du mail \"SOUSCRIRE\". Un consentement sp\u00e9cifique sera requis. La demande doit contenir le nom, le pr\u00e9nom et une photocopie de la pi\u00e8ce d'identit\u00e9 de l'int\u00e9ress\u00e9 ou de son repr\u00e9sentant l\u00e9gal, ainsi qu'un document prouvant la repr\u00e9sentation, une demande dans laquelle la demande est faite, l'adresse aux fins des notifications, la date et la signature de le demandeur et les pi\u00e8ces justificatives de la demande que vous formulez.\n\nSi la demande ne r\u00e9pond pas aux exigences sp\u00e9cifi\u00e9es, sa correction sera requise. En ce qui concerne le droit d'acc\u00e8s, il ne sera refus\u00e9 que lorsque la demande ne r\u00e9pond pas aux exigences susmentionn\u00e9es et qu'aucun int\u00e9r\u00eat l\u00e9gitime n'est accr\u00e9dit\u00e9 \u00e0 cet effet. Aucune contrepartie ne sera requise pour l'exercice des droits.<\/span><\/pre>\n<pre id=\"tw-target-text\" class=\"tw-data-text tw-text-large XcVN5d tw-ta\" dir=\"ltr\" data-placeholder=\"Translation\"><span lang=\"fr\">Les demandes concernant l'exercice du droit de r\u00e9tractation des donn\u00e9es d'identification des utilisateurs alors qu'ils maintiennent leur relation avec \"Sweet\" ne pourront \u00eatre satisfaites.\n\n\"Sweet\" a adopt\u00e9 les mesures techniques et organisationnelles n\u00e9cessaires pour garantir la s\u00e9curit\u00e9 des donn\u00e9es et \u00e9viter leur alt\u00e9ration, perte, traitement ou acc\u00e8s non autoris\u00e9, en tenant compte de l'\u00e9tat de la technologie, de la nature des donn\u00e9es stock\u00e9es et des risques pour auxquelles ils sont expos\u00e9s, qu\u2019ils proviennent de l\u2019action humaine ou de l\u2019environnement physique ou naturel. Des mesures techniques et organisationnelles ont \u00e9t\u00e9 adopt\u00e9es qui visent \u00e0 atteindre des objectifs de s\u00e9curit\u00e9 de base, tels que: la confidentialit\u00e9, comprise comme la limitation de l'acc\u00e8s \u00e0 l'information par des personnes non autoris\u00e9es; l'int\u00e9grit\u00e9, entendue comme le maintien d'une information fiable et de qualit\u00e9, et la disponibilit\u00e9, entendue comme la garantie d'acc\u00e8s au syst\u00e8me d'information \u00e0 la demande d'un utilisateur autoris\u00e9.\n\n\n\nConform\u00e9ment \u00e0 la loi 34\/2002 du 11 juillet sur les services d'information et le commerce \u00e9lectronique et aux modifications introduites par la loi 32\/2003 du 3 novembre, T\u00e9l\u00e9communications g\u00e9n\u00e9rales, il est \u00e0 noter que l'acceptation de la pr\u00e9sente clause par l'insertion de donn\u00e9es personnelles dans le formulaires de contact, implique \u00e9galement votre consentement \u00e0 recevoir des communications personnelles effectu\u00e9es par e-mail. \u00c0 tout moment, l'utilisateur peut s'opposer au traitement de ses donn\u00e9es \u00e0 ces fins et r\u00e9voquer le consentement donn\u00e9, il suffit d'adresser une communication \u00e9crite par courrier \u00e9lectronique \u00e0 l'adresse \u00e9lectronique sweetoil@mail.com, en indiquant dans l'objet du courrier \u00e9lectronique \" DAR DE BAJA \"Un consentement sp\u00e9cifique sera requis.\n\nLe site Web de \"Sweetoilcannabisclub.com\" contient des liens vers d'autres pages Web susceptibles d'int\u00e9resser les utilisateurs. \"Sweet\" n'assume aucune responsabilit\u00e9 pour ces liens, et aucune garantie ne peut \u00eatre donn\u00e9e conform\u00e9ment aux politiques de confidentialit\u00e9 appropri\u00e9es, afin que l'utilisateur acc\u00e8de au contenu des pages Web susmentionn\u00e9es dans les conditions d'utilisation qui y sont d\u00e9finies et sous leur responsabilit\u00e9 exclusive.\n\n\n\n\nLes utilisateurs qui ont des questions, des questions ou des recommandations concernant notre politique de confidentialit\u00e9 peuvent nous contacter par e-mail \u00e0 l'adresse suivante: sweetoil@mail.com.<\/span><\/pre>\n<pre id=\"tw-target-text\" class=\"tw-data-text tw-text-large XcVN5d tw-ta\" dir=\"ltr\" data-placeholder=\"Translation\"><span lang=\"fr\">Politique de cookies\nQue sont les cookies?\n\nLes cookies sont de petits fichiers que notre ordinateur transmet au v\u00f4tre, mais qui ne nous fournissent pas d'informations sur votre nom ou d'autres donn\u00e9es personnelles. L'utilisation de cookies sur le Web www.sweetoilcannabisclub.com est limit\u00e9e uniquement et exclusivement \u00e0 des fins de fonctionnement, de s\u00e9curit\u00e9 et de statistiques. Les cookies que nous utilisons ne peuvent pas lire les donn\u00e9es de votre ordinateur ou lire les cookies qui existent sur votre ordinateur \u00e0 partir d'autres sites Web. Si vous le souhaitez, vous pouvez configurer votre navigateur pour vous avertir \u00e0 l'\u00e9cran que vous recevrez un cookie. Si l'utilisateur d\u00e9cide que son ordinateur ne re\u00e7oit pas ces cookies, cela n'emp\u00eachera pas l'acc\u00e8s aux informations de la page www.sweetoilcannabisclub.com.\n\nNous pouvons collecter des informations sur votre ordinateur, y compris, le cas \u00e9ch\u00e9ant, votre adresse IP, votre syst\u00e8me d'exploitation et votre type de navigateur, pour l'administration du syst\u00e8me. Il s'agit de donn\u00e9es statistiques sur la fa\u00e7on dont vous naviguez sur notre site Web.\nPour la m\u00eame raison, nous pouvons obtenir des informations sur votre utilisation g\u00e9n\u00e9rale dans notre boutique via un fichier cookie stock\u00e9 sur le disque dur de votre ordinateur. Les cookies contiennent des informations transf\u00e9r\u00e9es sur le disque dur de votre ordinateur.\nLes cookies nous aident \u00e0 am\u00e9liorer notre site Web et \u00e0 fournir un service meilleur et plus personnalis\u00e9. Plus pr\u00e9cis\u00e9ment, ils nous permettent:\n\n\n\n\nFaites une estimation des nombres et utilisez les mod\u00e8les.\n\n\n\n\nStockez des informations sur vos pr\u00e9f\u00e9rences et personnalisez-les.\n\n\n\n\nAcc\u00e9l\u00e9rez vos recherches\n\n\n\n\nVous reconna\u00eetre lorsque vous revenez sur notre site.<\/span><\/pre>\n<pre id=\"tw-target-text\" class=\"tw-data-text tw-text-large XcVN5d tw-ta\" dir=\"ltr\" data-placeholder=\"Translation\"><span lang=\"fr\">Vous pouvez refuser d'accepter les cookies en activant les param\u00e8tres de votre navigateur qui refusent les cookies. Cependant, si vous s\u00e9lectionnez cette configuration, vous ne pourrez peut-\u00eatre pas acc\u00e9der \u00e0 certaines parties du site Web ou vous ne pourrez peut-\u00eatre pas profiter de l'un de nos services. \u00c0 moins que vous n'ayez ajust\u00e9 les param\u00e8tres de votre navigateur pour refuser les cookies, notre syst\u00e8me produira des cookies lorsque vous vous connecterez \u00e0 notre site. notre site Web en fonction de vos int\u00e9r\u00eats personnels.\nProgrammes utilisant des cookies\nJavaScript \/ Session\n\nGarantir le bon fonctionnement du site, en d\u00e9tectant si l'utilisateur qui a acc\u00e9d\u00e9 a la possibilit\u00e9 d'utiliser JavaScript (langage de programmation interpr\u00e9t\u00e9 qui, entre autres, permet une am\u00e9lioration de l'exp\u00e9rience utilisateur de ce site), ou de maintenir la session dans le gestionnaire de contenu.\n\nR\u00e9seaux sociaux\n\nChaque r\u00e9seau social \u00e9tablit une s\u00e9rie de cookies qui fonctionnent ind\u00e9pendamment dans chacun d'eux et qui sont \u00e9trangers \u00e0 notre site Web. V\u00e9rifiez chacun d'eux directement pour voir leur politique de cookies.\n\nGoogle Analytics\n\nNotre site Web utilise Google Analytics pour suivre le trafic Web et parmi les \u00e9l\u00e9ments qu'il utilise sont:\n\nG\u00e9n\u00e9rez un identifiant d'utilisateur unique, qui est celui utilis\u00e9 pour compter le nombre de fois qu'un utilisateur visite le site, ainsi que la date de la premi\u00e8re et de la derni\u00e8re fois o\u00f9 il a visit\u00e9 le Web.\nEnregistrez la date et l'heure d'acc\u00e8s \u00e0 l'une des pages du site.\nV\u00e9rifiez la n\u00e9cessit\u00e9 de garder la session d'un utilisateur ouverte ou d'en cr\u00e9er une nouvelle.\nIdentifier la session de l'utilisateur, pour collecter la localisation g\u00e9ographique approximative de l'ordinateur qui acc\u00e8de au Site avec des effets statistiques.\n\n\n\n\nComment d\u00e9sactiver les cookies\n\nL'utilisateur peut \u00e0 tout moment choisir les cookies qu'il souhaite utiliser en fonction du type de navigateur qu'il utilise.\n\nChrome https:\/\/support.google.com\/chrome\/answer\/95647?hl=fr\nFirefox https:\/\/support.mozilla.org\/en-US\/kb\/enable-and-disable-cookies-website-preferences\nSafari https:\/\/support.apple.com\/kb\/ph5042\nExplorer  https:\/\/support.microsoft.com\/en-gb\/help\/17442\/windows-internet-explorer-delete-manage-cookies\n\n\n\n\n\u00a9 2020 - SWEET OIL CANNABIS CLUB\n\nTous les droits sont r\u00e9serv\u00e9s<\/span><\/pre>\n","protected":false},"excerpt":{"rendered":"<p>POLITIQUE DE CONFIDENTIALIT\u00c9 Par le biais de cet avis, \u00abSWEET OIL CANNABIS CLUB\u00bb (ci-apr\u00e8s \u00abSweet\u00bb), informe les utilisateurs du site Web www.sweetoilcannabisclub.com, conform\u00e9ment \u00e0 l&#8217;article 13 du r\u00e8glement europ\u00e9en 2016\/679 du 27 avril (RGPD), de protection de Donn\u00e9es de caract\u00e8re personnel et \u00e9tat de d\u00e9veloppement, dans le but que ceux-ci d\u00e9cident de forme ant\u00e9rieure, sans [&hellip;]<\/p>\n","protected":false},"author":2,"featured_media":0,"parent":0,"menu_order":0,"comment_status":"closed","ping_status":"closed","template":"","meta":{"_et_pb_use_builder":"","_et_pb_old_content":"","_et_gb_content_width":"","footnotes":""},"class_list":["post-238944","page","type-page","status-publish","hentry"],"yoast_head":"<!-- This site is optimized with the Yoast SEO plugin v26.7 - https:\/\/yoast.com\/wordpress\/plugins\/seo\/ -->\n<title>Politique de confidentialit\u00e9 | Sweet Oil Cannabis Club Barcelona<\/title>\n<meta name=\"description\" content=\"Lorsque vous contactez Sweet Oil Cannabis Social Club, nous recueillons certaines de vos donn\u00e9es personnelles \u00e0 des fins de service.\" \/>\n<meta name=\"robots\" content=\"index, follow, max-snippet:-1, max-image-preview:large, max-video-preview:-1\" \/>\n<link rel=\"canonical\" href=\"https:\/\/sweetoilcannabisclub.com\/fr\/politique-de-confidentialite\/\" \/>\n<meta property=\"og:locale\" content=\"en_US\" \/>\n<meta property=\"og:type\" content=\"article\" \/>\n<meta property=\"og:title\" content=\"Politique de confidentialit\u00e9 | Sweet Oil Cannabis Club Barcelona\" \/>\n<meta property=\"og:description\" content=\"Lorsque vous contactez Sweet Oil Cannabis Social Club, nous recueillons certaines de vos donn\u00e9es personnelles \u00e0 des fins de service.\" \/>\n<meta property=\"og:url\" content=\"https:\/\/sweetoilcannabisclub.com\/fr\/politique-de-confidentialite\/\" \/>\n<meta property=\"og:site_name\" content=\"Sweet Oil Cannabis Club FR\" \/>\n<meta property=\"article:publisher\" content=\"https:\/\/www.facebook.com\/SweetOil.Club\/\" \/>\n<meta property=\"article:modified_time\" content=\"2022-07-18T16:17:20+00:00\" \/>\n<meta property=\"og:image\" content=\"https:\/\/sweetoilcannabisclub.com\/fr\/wp-content\/uploads\/sites\/3\/2024\/09\/Playing-pool-at-Sweet-oil-cannabis-club.jpg\" \/>\n\t<meta property=\"og:image:width\" content=\"1772\" \/>\n\t<meta property=\"og:image:height\" content=\"1182\" \/>\n\t<meta property=\"og:image:type\" content=\"image\/jpeg\" \/>\n<meta name=\"twitter:card\" content=\"summary_large_image\" \/>\n<meta name=\"twitter:label1\" content=\"Est. reading time\" \/>\n\t<meta name=\"twitter:data1\" content=\"6 minutes\" \/>\n<script type=\"application\/ld+json\" class=\"yoast-schema-graph\">{\"@context\":\"https:\/\/schema.org\",\"@graph\":[{\"@type\":\"WebPage\",\"@id\":\"https:\/\/sweetoilcannabisclub.com\/fr\/politique-de-confidentialite\/\",\"url\":\"https:\/\/sweetoilcannabisclub.com\/fr\/politique-de-confidentialite\/\",\"name\":\"Politique de confidentialit\u00e9 | Sweet Oil Cannabis Club Barcelona\",\"isPartOf\":{\"@id\":\"https:\/\/sweetoilcannabisclub.com\/fr\/#website\"},\"datePublished\":\"2020-07-08T14:00:10+00:00\",\"dateModified\":\"2022-07-18T16:17:20+00:00\",\"description\":\"Lorsque vous contactez Sweet Oil Cannabis Social Club, nous recueillons certaines de vos donn\u00e9es personnelles \u00e0 des fins de service.\",\"inLanguage\":\"en-US\",\"potentialAction\":[{\"@type\":\"ReadAction\",\"target\":[\"https:\/\/sweetoilcannabisclub.com\/fr\/politique-de-confidentialite\/\"]}]},{\"@type\":\"WebSite\",\"@id\":\"https:\/\/sweetoilcannabisclub.com\/fr\/#website\",\"url\":\"https:\/\/sweetoilcannabisclub.com\/fr\/\",\"name\":\"Sweet Oil Cannabs Club Barcelona\",\"description\":\"Cannabis Club en Barcelone\",\"publisher\":{\"@id\":\"https:\/\/sweetoilcannabisclub.com\/fr\/#organization\"},\"alternateName\":\"Sweet Oil Cannabs Club\",\"potentialAction\":[{\"@type\":\"SearchAction\",\"target\":{\"@type\":\"EntryPoint\",\"urlTemplate\":\"https:\/\/sweetoilcannabisclub.com\/fr\/?s={search_term_string}\"},\"query-input\":{\"@type\":\"PropertyValueSpecification\",\"valueRequired\":true,\"valueName\":\"search_term_string\"}}],\"inLanguage\":\"en-US\"},{\"@type\":\"Organization\",\"@id\":\"https:\/\/sweetoilcannabisclub.com\/fr\/#organization\",\"name\":\"Sweet Oil Cannabis Club Barcelona\",\"alternateName\":\"Sweet Oil Cannabis Club\",\"url\":\"https:\/\/sweetoilcannabisclub.com\/fr\/\",\"logo\":{\"@type\":\"ImageObject\",\"inLanguage\":\"en-US\",\"@id\":\"https:\/\/sweetoilcannabisclub.com\/fr\/#\/schema\/logo\/image\/\",\"url\":\"https:\/\/sweetoilcannabisclub.com\/fr\/wp-content\/uploads\/sites\/3\/2020\/07\/sweet-oil-csc-logo.png\",\"contentUrl\":\"https:\/\/sweetoilcannabisclub.com\/fr\/wp-content\/uploads\/sites\/3\/2020\/07\/sweet-oil-csc-logo.png\",\"width\":175,\"height\":175,\"caption\":\"Sweet Oil Cannabis Club Barcelona\"},\"image\":{\"@id\":\"https:\/\/sweetoilcannabisclub.com\/fr\/#\/schema\/logo\/image\/\"},\"sameAs\":[\"https:\/\/www.facebook.com\/SweetOil.Club\/\",\"https:\/\/www.instagram.com\/sweetoilclub\/\"]}]}<\/script>\n<!-- \/ Yoast SEO plugin. -->","yoast_head_json":{"title":"Politique de confidentialit\u00e9 | Sweet Oil Cannabis Club Barcelona","description":"Lorsque vous contactez Sweet Oil Cannabis Social Club, nous recueillons certaines de vos donn\u00e9es personnelles \u00e0 des fins de service.","robots":{"index":"index","follow":"follow","max-snippet":"max-snippet:-1","max-image-preview":"max-image-preview:large","max-video-preview":"max-video-preview:-1"},"canonical":"https:\/\/sweetoilcannabisclub.com\/fr\/politique-de-confidentialite\/","og_locale":"en_US","og_type":"article","og_title":"Politique de confidentialit\u00e9 | Sweet Oil Cannabis Club Barcelona","og_description":"Lorsque vous contactez Sweet Oil Cannabis Social Club, nous recueillons certaines de vos donn\u00e9es personnelles \u00e0 des fins de service.","og_url":"https:\/\/sweetoilcannabisclub.com\/fr\/politique-de-confidentialite\/","og_site_name":"Sweet Oil Cannabis Club FR","article_publisher":"https:\/\/www.facebook.com\/SweetOil.Club\/","article_modified_time":"2022-07-18T16:17:20+00:00","og_image":[{"width":1772,"height":1182,"url":"https:\/\/sweetoilcannabisclub.com\/fr\/wp-content\/uploads\/sites\/3\/2024\/09\/Playing-pool-at-Sweet-oil-cannabis-club.jpg","type":"image\/jpeg"}],"twitter_card":"summary_large_image","twitter_misc":{"Est. reading time":"6 minutes"},"schema":{"@context":"https:\/\/schema.org","@graph":[{"@type":"WebPage","@id":"https:\/\/sweetoilcannabisclub.com\/fr\/politique-de-confidentialite\/","url":"https:\/\/sweetoilcannabisclub.com\/fr\/politique-de-confidentialite\/","name":"Politique de confidentialit\u00e9 | Sweet Oil Cannabis Club Barcelona","isPartOf":{"@id":"https:\/\/sweetoilcannabisclub.com\/fr\/#website"},"datePublished":"2020-07-08T14:00:10+00:00","dateModified":"2022-07-18T16:17:20+00:00","description":"Lorsque vous contactez Sweet Oil Cannabis Social Club, nous recueillons certaines de vos donn\u00e9es personnelles \u00e0 des fins de service.","inLanguage":"en-US","potentialAction":[{"@type":"ReadAction","target":["https:\/\/sweetoilcannabisclub.com\/fr\/politique-de-confidentialite\/"]}]},{"@type":"WebSite","@id":"https:\/\/sweetoilcannabisclub.com\/fr\/#website","url":"https:\/\/sweetoilcannabisclub.com\/fr\/","name":"Sweet Oil Cannabs Club Barcelona","description":"Cannabis Club en Barcelone","publisher":{"@id":"https:\/\/sweetoilcannabisclub.com\/fr\/#organization"},"alternateName":"Sweet Oil Cannabs Club","potentialAction":[{"@type":"SearchAction","target":{"@type":"EntryPoint","urlTemplate":"https:\/\/sweetoilcannabisclub.com\/fr\/?s={search_term_string}"},"query-input":{"@type":"PropertyValueSpecification","valueRequired":true,"valueName":"search_term_string"}}],"inLanguage":"en-US"},{"@type":"Organization","@id":"https:\/\/sweetoilcannabisclub.com\/fr\/#organization","name":"Sweet Oil Cannabis Club Barcelona","alternateName":"Sweet Oil Cannabis Club","url":"https:\/\/sweetoilcannabisclub.com\/fr\/","logo":{"@type":"ImageObject","inLanguage":"en-US","@id":"https:\/\/sweetoilcannabisclub.com\/fr\/#\/schema\/logo\/image\/","url":"https:\/\/sweetoilcannabisclub.com\/fr\/wp-content\/uploads\/sites\/3\/2020\/07\/sweet-oil-csc-logo.png","contentUrl":"https:\/\/sweetoilcannabisclub.com\/fr\/wp-content\/uploads\/sites\/3\/2020\/07\/sweet-oil-csc-logo.png","width":175,"height":175,"caption":"Sweet Oil Cannabis Club Barcelona"},"image":{"@id":"https:\/\/sweetoilcannabisclub.com\/fr\/#\/schema\/logo\/image\/"},"sameAs":["https:\/\/www.facebook.com\/SweetOil.Club\/","https:\/\/www.instagram.com\/sweetoilclub\/"]}]}},"_links":{"self":[{"href":"https:\/\/sweetoilcannabisclub.com\/fr\/wp-json\/wp\/v2\/pages\/238944","targetHints":{"allow":["GET"]}}],"collection":[{"href":"https:\/\/sweetoilcannabisclub.com\/fr\/wp-json\/wp\/v2\/pages"}],"about":[{"href":"https:\/\/sweetoilcannabisclub.com\/fr\/wp-json\/wp\/v2\/types\/page"}],"author":[{"embeddable":true,"href":"https:\/\/sweetoilcannabisclub.com\/fr\/wp-json\/wp\/v2\/users\/2"}],"replies":[{"embeddable":true,"href":"https:\/\/sweetoilcannabisclub.com\/fr\/wp-json\/wp\/v2\/comments?post=238944"}],"version-history":[{"count":2,"href":"https:\/\/sweetoilcannabisclub.com\/fr\/wp-json\/wp\/v2\/pages\/238944\/revisions"}],"predecessor-version":[{"id":239036,"href":"https:\/\/sweetoilcannabisclub.com\/fr\/wp-json\/wp\/v2\/pages\/238944\/revisions\/239036"}],"wp:attachment":[{"href":"https:\/\/sweetoilcannabisclub.com\/fr\/wp-json\/wp\/v2\/media?parent=238944"}],"curies":[{"name":"wp","href":"https:\/\/api.w.org\/{rel}","templated":true}]}}