{"id":10,"date":"2020-07-08T15:33:32","date_gmt":"2020-07-08T15:33:32","guid":{"rendered":"https:\/\/sweetoilcannabisclub.com\/?page_id=10"},"modified":"2026-01-19T10:09:15","modified_gmt":"2026-01-19T10:09:15","slug":"contacts","status":"publish","type":"page","link":"https:\/\/sweetoilcannabisclub.com\/fr\/contacts\/","title":{"rendered":"Contact"},"content":{"rendered":"<p>[et_pb_section fb_built=&#8221;1&#8243; admin_label=&#8221;Hero&#8221; _builder_version=&#8221;4.16&#8243; use_background_color_gradient=&#8221;on&#8221; background_color_gradient_type=&#8221;circular&#8221; background_color_gradient_direction_radial=&#8221;top left&#8221; background_color_gradient_stops=&#8221;rgba(40,40,40,0.79) 0%|rgba(40,40,40,0.86) 100%&#8221; background_color_gradient_overlays_image=&#8221;on&#8221; background_color_gradient_start=&#8221;rgba(40,40,40,0.79)&#8221; background_color_gradient_end=&#8221;rgba(40,40,40,0.86)&#8221; background_image=&#8221;https:\/\/sweetoilcannabisclub.com\/fr\/wp-content\/uploads\/sites\/3\/2020\/08\/barceeeeeeeeee.jpg&#8221; custom_padding=&#8221;0px||0px||true|false&#8221; global_colors_info=&#8221;{}&#8221;][et_pb_row column_structure=&#8221;2_3,1_3&#8243; use_custom_gutter=&#8221;on&#8221; make_equal=&#8221;on&#8221; padding_top_bottom_link_1=&#8221;true&#8221; padding_top_bottom_link_2=&#8221;true&#8221; padding_left_right_link_1=&#8221;true&#8221; padding_left_right_link_2=&#8221;true&#8221; _builder_version=&#8221;4.16&#8243; width=&#8221;100%&#8221; max_width=&#8221;100%&#8221; custom_padding=&#8221;0px||0px||true&#8221; use_custom_width=&#8221;on&#8221; width_unit=&#8221;off&#8221; custom_width_percent=&#8221;100%&#8221; global_colors_info=&#8221;{}&#8221;][et_pb_column type=&#8221;2_3&#8243; _builder_version=&#8221;4.16&#8243; custom_padding=&#8221;10vw|6vw|10vw|6vw&#8221; custom_padding_tablet=&#8221;10vw|10%|10vw|10%|true|true&#8221; custom_padding_phone=&#8221;&#8221; custom_padding_last_edited=&#8221;on|desktop&#8221; global_colors_info=&#8221;{}&#8221; padding_tablet=&#8221;10vw|10%|10vw|10%|true|true&#8221; padding_last_edited=&#8221;on|desktop&#8221; custom_padding__hover=&#8221;|||&#8221; padding_phone=&#8221;10vw|10%|10vw|10%|true|true&#8221;][et_pb_text _builder_version=&#8221;4.16&#8243; _module_preset=&#8221;4ef228ff-9812-440c-908d-eed4a5f399e7&#8243; header_font_size=&#8221;64px&#8221; background_layout=&#8221;dark&#8221; max_width=&#8221;800px&#8221; custom_margin=&#8221;||0px|&#8221; custom_padding=&#8221;|||16px&#8221; text_font_size_tablet=&#8221;14px&#8221; text_font_size_last_edited=&#8221;off|desktop&#8221; border_color_all=&#8221;#ffb400&#8243; border_width_left=&#8221;10px&#8221; global_colors_info=&#8221;{}&#8221;]<\/p>\n<h1>Contactez-nous<\/h1>\n<p>[\/et_pb_text][et_pb_text _builder_version=&#8221;4.16&#8243; _module_preset=&#8221;4ef228ff-9812-440c-908d-eed4a5f399e7&#8243; text_font_size=&#8221;22px&#8221; text_line_height=&#8221;1.6em&#8221; background_layout=&#8221;dark&#8221; max_width=&#8221;800px&#8221; custom_margin=&#8221;|||&#8221; custom_padding=&#8221;20px||20px||true&#8221; text_font_size_tablet=&#8221;18px&#8221; text_font_size_phone=&#8221;&#8221; text_font_size_last_edited=&#8221;on|phone&#8221; global_colors_info=&#8221;{}&#8221;]Si vous souhaitez devenir membre du Cannabis Club \u00e0 Barcelone, vous DEVEZ r\u00e9pondre \u00e0 certaines exigences[\/et_pb_text][\/et_pb_column][et_pb_column type=&#8221;1_3&#8243; _builder_version=&#8221;4.16&#8243; background_color=&#8221;#ffb400&#8243; custom_padding=&#8221;80px|40px|80px|40px&#8221; custom_padding_tablet=&#8221;|10%||10%||true&#8221; custom_padding_phone=&#8221;&#8221; custom_padding_last_edited=&#8221;on|desktop&#8221; global_colors_info=&#8221;{}&#8221; padding_tablet=&#8221;|10%||10%||true&#8221; padding_last_edited=&#8221;on|desktop&#8221; custom_padding__hover=&#8221;|||&#8221; padding_phone=&#8221;|10%||10%||true&#8221;][et_pb_text _builder_version=&#8221;4.16&#8243; header_2_font=&#8221;Rubik|700|||||||&#8221; header_2_font_size=&#8221;32px&#8221; custom_margin=&#8221;|||&#8221; header_2_font_size_last_edited=&#8221;off|desktop&#8221; global_colors_info=&#8221;{}&#8221;]<\/p>\n<h2> Coordonn\u00e9es <\/h2>\n<p>[\/et_pb_text][et_pb_blurb title=&#8221;Situation&#8221; use_icon=&#8221;on&#8221; icon_color=&#8221;#ffffff&#8221; icon_placement=&#8221;left&#8221; image_icon_width=&#8221;56px&#8221; content_max_width=&#8221;1100px&#8221; content_max_width_tablet=&#8221;1100px&#8221; content_max_width_last_edited=&#8221;off|desktop&#8221; _builder_version=&#8221;4.16&#8243; header_font=&#8221;Rubik|700|||||||&#8221; header_text_color=&#8221;#2a2a2a&#8221; header_line_height=&#8221;1.4em&#8221; body_font=&#8221;||||||||&#8221; body_font_size=&#8221;15px&#8221; background_layout=&#8221;dark&#8221; custom_margin=&#8221;|||&#8221; custom_padding=&#8221;|||&#8221; animation_style=&#8221;slide&#8221; animation_direction=&#8221;right&#8221; animation_intensity_slide=&#8221;10%&#8221; animation=&#8221;off&#8221; icon_font_size=&#8221;56px&#8221; global_colors_info=&#8221;{}&#8221;]<\/p>\n<p> Carrer de Sepulveda, 65 <br \/> 08015, Barcelone <br \/> Catalunya, Espagne <\/p>\n<p>[\/et_pb_blurb][et_pb_blurb title=&#8221; Heures d&#8217;ouverture&#8221; use_icon=&#8221;on&#8221; icon_color=&#8221;#ffffff&#8221; icon_placement=&#8221;left&#8221; image_icon_width=&#8221;56px&#8221; content_max_width=&#8221;1100px&#8221; content_max_width_tablet=&#8221;1100px&#8221; content_max_width_last_edited=&#8221;off|desktop&#8221; _builder_version=&#8221;4.16&#8243; header_font=&#8221;Rubik|700|||||||&#8221; header_text_color=&#8221;#2a2a2a&#8221; header_line_height=&#8221;1.4em&#8221; body_font=&#8221;||||||||&#8221; body_font_size=&#8221;15px&#8221; background_layout=&#8221;dark&#8221; custom_margin=&#8221;|||&#8221; custom_padding=&#8221;|||&#8221; animation_style=&#8221;slide&#8221; animation_direction=&#8221;right&#8221; animation_intensity_slide=&#8221;10%&#8221; animation=&#8221;off&#8221; icon_font_size=&#8221;56px&#8221; global_colors_info=&#8221;{}&#8221;]<\/p>\n<p>Lu &#8211; Sa: 10h00 &#8211; 00h30 <br \/>Di: 11h00 &#8211; 00h30<\/p>\n<p>[\/et_pb_blurb][et_pb_blurb title=&#8221;Entrer en contact&#8221; use_icon=&#8221;on&#8221; icon_color=&#8221;#ffffff&#8221; icon_placement=&#8221;left&#8221; image_icon_width=&#8221;56px&#8221; content_max_width=&#8221;1100px&#8221; content_max_width_tablet=&#8221;1100px&#8221; content_max_width_last_edited=&#8221;off|desktop&#8221; _builder_version=&#8221;4.27.0&#8243; header_font=&#8221;Rubik|700|||||||&#8221; header_text_color=&#8221;#2a2a2a&#8221; header_line_height=&#8221;1.4em&#8221; body_font=&#8221;||||||||&#8221; body_font_size=&#8221;15px&#8221; background_layout=&#8221;dark&#8221; custom_margin=&#8221;|||&#8221; custom_padding=&#8221;|||&#8221; animation_style=&#8221;slide&#8221; animation_direction=&#8221;right&#8221; animation_intensity_slide=&#8221;10%&#8221; animation=&#8221;off&#8221; hover_enabled=&#8221;0&#8243; icon_font_size=&#8221;56px&#8221; global_colors_info=&#8221;{}&#8221; body_link_font=&#8221;||||on||||&#8221; body_link_text_color=&#8221;#FFFFFF&#8221; sticky_enabled=&#8221;0&#8243;]<a alt=\"contactez-nous par email\" title=\"contactez-nous par email\" href=\"mailto:info@sweetoilcannabisclub.com\">info@sweetoilcannabisclub.com<\/a><\/p>\n<p><a alt=\"contactez-nous par t\u00e9l\u00e9phone\" title=\"contactez-nous par t\u00e9l\u00e9phone\" href=\"tel:+34938072873\">+34 938 07 28 73<\/a>[\/et_pb_blurb][et_pb_social_media_follow _builder_version=&#8221;4.27.0&#8243; text_orientation=&#8221;center&#8221; custom_padding=&#8221;|||&#8221; locked=&#8221;off&#8221; global_colors_info=&#8221;{}&#8221;][et_pb_social_media_follow_network social_network=&#8221;facebook&#8221; url=&#8221;https:\/\/www.facebook.com\/SweetOilSocialClubBarcelona\/&#8221; _builder_version=&#8221;4.27.0&#8243; custom_padding=&#8221;|10px||10px||true&#8221; global_colors_info=&#8221;{}&#8221; follow_button=&#8221;off&#8221; url_new_window=&#8221;on&#8221;]facebook[\/et_pb_social_media_follow_network][et_pb_social_media_follow_network social_network=&#8221;instagram&#8221; url=&#8221;https:\/\/www.instagram.com\/sweetoilclub\/&#8221; _builder_version=&#8221;4.27.0&#8243; background_enable_color=&#8221;off&#8221; custom_padding=&#8221;|10px||10px||true&#8221; global_colors_info=&#8221;{}&#8221; follow_button=&#8221;off&#8221; url_new_window=&#8221;on&#8221;]instagram[\/et_pb_social_media_follow_network][\/et_pb_social_media_follow][\/et_pb_column][\/et_pb_row][\/et_pb_section][et_pb_section fb_built=&#8221;1&#8243; admin_label=&#8221;FAQ&#8221; _builder_version=&#8221;4.16&#8243; background_color=&#8221;#f7f7f7&#8243; custom_padding=&#8221;||0px|||&#8221; global_colors_info=&#8221;{}&#8221;][et_pb_row column_structure=&#8221;1_2,1_2&#8243; _builder_version=&#8221;4.16&#8243; global_colors_info=&#8221;{}&#8221;][et_pb_column type=&#8221;1_2&#8243; _builder_version=&#8221;4.16&#8243; custom_padding=&#8221;|||&#8221; global_colors_info=&#8221;{}&#8221; custom_padding__hover=&#8221;|||&#8221;][et_pb_text _builder_version=&#8221;4.16&#8243; _module_preset=&#8221;4ef228ff-9812-440c-908d-eed4a5f399e7&#8243; custom_margin=&#8221;||0px||false|false&#8221; custom_padding=&#8221;||0px||false|false&#8221; locked=&#8221;off&#8221; global_colors_info=&#8221;{}&#8221;]<\/p>\n<h2>Enter en contact<\/h2>\n<p>[\/et_pb_text][et_pb_divider color=&#8221;#ffb400&#8243; divider_weight=&#8221;5px&#8221; _builder_version=&#8221;4.16&#8243; max_width=&#8221;50px&#8221; custom_margin=&#8221;0px||0px||false|false&#8221; custom_padding=&#8221;0px||||false|false&#8221; locked=&#8221;off&#8221; global_colors_info=&#8221;{}&#8221;][\/et_pb_divider][et_pb_text _builder_version=&#8221;4.16&#8243; _module_preset=&#8221;4ef228ff-9812-440c-908d-eed4a5f399e7&#8243; header_2_font=&#8221;Rubik|700|||||||&#8221; custom_margin=&#8221;|||&#8221; locked=&#8221;off&#8221; global_colors_info=&#8221;{}&#8221;]<\/p>\n<p> <strong> N&#8217;oubliez pas <\/strong>: aucune invitation \u00e0 un club de cannabis ne garantit l&#8217;inscription des membres. Si le club accepte de nouveaux membres et que vous \u00eates autoris\u00e9 \u00e0 proc\u00e9der \u00e0 l&#8217;entretien, cela ne signifie pas que vous deviendrez automatiquement membre. <br \/> Les clubs se r\u00e9servent le droit d&#8217;admission, les nouveaux membres ne sont pas toujours accept\u00e9s et la disponibilit\u00e9 peut disparaissent sans pr\u00e9avis. <br \/> Les clubs ne peuvent r\u00e9pondre \u00e0 aucune question tant que l\u2019enregistrement n\u2019est pas termin\u00e9, donc si vous \u00eates int\u00e9ress\u00e9, vous ne pouvez recevoir que des informations sur la disponibilit\u00e9 de nouvelles adh\u00e9sions, et par cons\u00e9quent, tout le contenu de ce site but informatif. <\/p>\n<p>[\/et_pb_text][\/et_pb_column][et_pb_column type=&#8221;1_2&#8243; _builder_version=&#8221;4.16&#8243; custom_padding=&#8221;|||&#8221; global_colors_info=&#8221;{}&#8221; custom_padding__hover=&#8221;|||&#8221;][et_pb_blurb use_icon=&#8221;on&#8221; icon_placement=&#8221;left&#8221; image_icon_width=&#8221;30px&#8221; _builder_version=&#8221;4.16&#8243; _module_preset=&#8221;default&#8221; icon_font_size=&#8221;30px&#8221; global_colors_info=&#8221;{}&#8221;]Soyez +21. Vous devez avoir une pi\u00e8ce d&#8217;identit\u00e9 valide.[\/et_pb_blurb][et_pb_blurb use_icon=&#8221;on&#8221; icon_placement=&#8221;left&#8221; image_icon_width=&#8221;30px&#8221; _builder_version=&#8221;4.16&#8243; _module_preset=&#8221;default&#8221; icon_font_size=&#8221;30px&#8221; global_colors_info=&#8221;{}&#8221;]\u00catre un ancien consommateur de cannabis \u00e0 des fins m\u00e9dicales ou r\u00e9cr\u00e9atives.[\/et_pb_blurb][et_pb_blurb use_icon=&#8221;on&#8221; icon_placement=&#8221;left&#8221; image_icon_width=&#8221;30px&#8221; _builder_version=&#8221;4.16&#8243; _module_preset=&#8221;default&#8221; header_level=&#8221;h5&#8243; icon_font_size=&#8221;30px&#8221; global_colors_info=&#8221;{}&#8221;]V\u00e9rifiez que vous \u00eates le bienvenu: pour rejoindre un club de cannabis \u00e0 Barcelone, un membre existant doit vous approuver. Si vous ne connaissez personne qui est membre, vous pouvez v\u00e9rifier si vous \u00eates le bienvenu et si vous \u00eates approuv\u00e9 par le club.[\/et_pb_blurb][\/et_pb_column][\/et_pb_row][et_pb_row _builder_version=&#8221;4.16&#8243; _module_preset=&#8221;default&#8221; global_colors_info=&#8221;{}&#8221;][et_pb_column type=&#8221;4_4&#8243; _builder_version=&#8221;4.16&#8243; _module_preset=&#8221;default&#8221; global_colors_info=&#8221;{}&#8221;][wpforms_selector form_id=&#8221;239221&#8243; _builder_version=&#8221;4.15.1&#8243; _module_preset=&#8221;default&#8221; global_colors_info=&#8221;{}&#8221;][\/wpforms_selector][\/et_pb_column][\/et_pb_row][\/et_pb_section][et_pb_section fb_built=&#8221;1&#8243; fullwidth=&#8221;on&#8221; _builder_version=&#8221;4.16&#8243; _module_preset=&#8221;default&#8221; box_shadow_style=&#8221;preset3&#8243; box_shadow_vertical=&#8221;-12px&#8221; global_colors_info=&#8221;{}&#8221;][et_pb_fullwidth_code _builder_version=&#8221;4.21.0&#8243; _module_preset=&#8221;default&#8221; width=&#8221;100%&#8221; max_width=&#8221;100%&#8221; overflow-x=&#8221;hidden&#8221; overflow-y=&#8221;hidden&#8221; custom_margin=&#8221;||0px||false|false&#8221; custom_padding=&#8221;|0px|0px|0px|false|true&#8221; global_colors_info=&#8221;{}&#8221;]<iframe src=\"https:\/\/www.google.com\/maps\/embed?pb=!1m14!1m8!1m3!1d11975.217436159106!2d2.1557395!3d41.3783351!3m2!1i1024!2i768!4f13.1!3m3!1m2!1s0x12a4a26326c55555%3A0x7e7ce546b5b3fb35!2sSweet%20Oil%20Cannabis%20Club%20Barcelona!5e0!3m2!1sfr!2sit!4v1689606786095!5m2!1sfr!2sit\" width=\"100%\" height=\"600\" style=\"border:0;\" allowfullscreen=\"\" loading=\"lazy\" referrerpolicy=\"no-referrer-when-downgrade\"><\/iframe>[\/et_pb_fullwidth_code][\/et_pb_section]<\/p>\n","protected":false},"excerpt":{"rendered":"<p>Contactez-nousSi vous souhaitez devenir membre du Cannabis Club \u00e0 Barcelone, vous DEVEZ r\u00e9pondre \u00e0 certaines exigences Coordonn\u00e9es Carrer de Sepulveda, 65 08015, Barcelone Catalunya, Espagne Lu &#8211; Sa: 10h00 &#8211; 00h30 Di: 11h00 &#8211; 00h30info@sweetoilcannabisclub.com +34 938 07 28 73Enter en contact N&#8217;oubliez pas : aucune invitation \u00e0 un club de cannabis ne garantit l&#8217;inscription [&hellip;]<\/p>\n","protected":false},"author":2,"featured_media":0,"parent":0,"menu_order":0,"comment_status":"closed","ping_status":"closed","template":"","meta":{"_et_pb_use_builder":"on","_et_pb_old_content":"<!-- wp:paragraph -->\n<p>This is a page with some basic contact information, such as an address and phone number. You might also try a plugin to add a contact form.<\/p>\n<!-- \/wp:paragraph -->","_et_gb_content_width":"","footnotes":""},"class_list":["post-10","page","type-page","status-publish","hentry"],"yoast_head":"<!-- This site is optimized with the Yoast SEO plugin v26.7 - https:\/\/yoast.com\/wordpress\/plugins\/seo\/ -->\n<title>Devenez membre du Cannabis Club | SweetOil CSC Barcelone | Contacts<\/title>\n<meta name=\"description\" content=\"Venez lire ce dont vous avez besoin pour devenir membre du club de cannabis \u00e0 Barcelone. Certaines exigences DOIVENT \u00eatre satisfaites.\" \/>\n<meta name=\"robots\" content=\"index, follow, max-snippet:-1, max-image-preview:large, max-video-preview:-1\" \/>\n<link rel=\"canonical\" href=\"https:\/\/sweetoilcannabisclub.com\/fr\/contacts\/\" \/>\n<meta property=\"og:locale\" content=\"en_US\" \/>\n<meta property=\"og:type\" content=\"article\" \/>\n<meta property=\"og:title\" content=\"Devenez membre du Cannabis Club | SweetOil CSC Barcelone | Contacts\" \/>\n<meta property=\"og:description\" content=\"Venez lire ce dont vous avez besoin pour devenir membre du club de cannabis \u00e0 Barcelone. Certaines exigences DOIVENT \u00eatre satisfaites.\" \/>\n<meta property=\"og:url\" content=\"https:\/\/sweetoilcannabisclub.com\/fr\/contacts\/\" \/>\n<meta property=\"og:site_name\" content=\"Sweet Oil Cannabis Club FR\" \/>\n<meta property=\"article:publisher\" content=\"https:\/\/www.facebook.com\/SweetOil.Club\/\" \/>\n<meta property=\"article:modified_time\" content=\"2026-01-19T10:09:15+00:00\" \/>\n<meta property=\"og:image\" content=\"https:\/\/sweetoilcannabisclub.com\/fr\/wp-content\/uploads\/sites\/3\/2024\/09\/Playing-pool-at-Sweet-oil-cannabis-club.jpg\" \/>\n\t<meta property=\"og:image:width\" content=\"1772\" \/>\n\t<meta property=\"og:image:height\" content=\"1182\" \/>\n\t<meta property=\"og:image:type\" content=\"image\/jpeg\" \/>\n<meta name=\"twitter:card\" content=\"summary_large_image\" \/>\n<meta name=\"twitter:label1\" content=\"Est. reading time\" \/>\n\t<meta name=\"twitter:data1\" content=\"3 minutes\" \/>\n<script type=\"application\/ld+json\" class=\"yoast-schema-graph\">{\"@context\":\"https:\/\/schema.org\",\"@graph\":[{\"@type\":\"WebPage\",\"@id\":\"https:\/\/sweetoilcannabisclub.com\/fr\/contacts\/\",\"url\":\"https:\/\/sweetoilcannabisclub.com\/fr\/contacts\/\",\"name\":\"Devenez membre du Cannabis Club | SweetOil CSC Barcelone | Contacts\",\"isPartOf\":{\"@id\":\"https:\/\/sweetoilcannabisclub.com\/fr\/#website\"},\"datePublished\":\"2020-07-08T15:33:32+00:00\",\"dateModified\":\"2026-01-19T10:09:15+00:00\",\"description\":\"Venez lire ce dont vous avez besoin pour devenir membre du club de cannabis \u00e0 Barcelone. Certaines exigences DOIVENT \u00eatre satisfaites.\",\"inLanguage\":\"en-US\",\"potentialAction\":[{\"@type\":\"ReadAction\",\"target\":[\"https:\/\/sweetoilcannabisclub.com\/fr\/contacts\/\"]}]},{\"@type\":\"WebSite\",\"@id\":\"https:\/\/sweetoilcannabisclub.com\/fr\/#website\",\"url\":\"https:\/\/sweetoilcannabisclub.com\/fr\/\",\"name\":\"Sweet Oil Cannabs Club Barcelona\",\"description\":\"Cannabis Club en Barcelone\",\"publisher\":{\"@id\":\"https:\/\/sweetoilcannabisclub.com\/fr\/#organization\"},\"alternateName\":\"Sweet Oil Cannabs Club\",\"potentialAction\":[{\"@type\":\"SearchAction\",\"target\":{\"@type\":\"EntryPoint\",\"urlTemplate\":\"https:\/\/sweetoilcannabisclub.com\/fr\/?s={search_term_string}\"},\"query-input\":{\"@type\":\"PropertyValueSpecification\",\"valueRequired\":true,\"valueName\":\"search_term_string\"}}],\"inLanguage\":\"en-US\"},{\"@type\":\"Organization\",\"@id\":\"https:\/\/sweetoilcannabisclub.com\/fr\/#organization\",\"name\":\"Sweet Oil Cannabis Club Barcelona\",\"alternateName\":\"Sweet Oil Cannabis Club\",\"url\":\"https:\/\/sweetoilcannabisclub.com\/fr\/\",\"logo\":{\"@type\":\"ImageObject\",\"inLanguage\":\"en-US\",\"@id\":\"https:\/\/sweetoilcannabisclub.com\/fr\/#\/schema\/logo\/image\/\",\"url\":\"https:\/\/sweetoilcannabisclub.com\/fr\/wp-content\/uploads\/sites\/3\/2020\/07\/sweet-oil-csc-logo.png\",\"contentUrl\":\"https:\/\/sweetoilcannabisclub.com\/fr\/wp-content\/uploads\/sites\/3\/2020\/07\/sweet-oil-csc-logo.png\",\"width\":175,\"height\":175,\"caption\":\"Sweet Oil Cannabis Club Barcelona\"},\"image\":{\"@id\":\"https:\/\/sweetoilcannabisclub.com\/fr\/#\/schema\/logo\/image\/\"},\"sameAs\":[\"https:\/\/www.facebook.com\/SweetOil.Club\/\",\"https:\/\/www.instagram.com\/sweetoilclub\/\"]}]}<\/script>\n<!-- \/ Yoast SEO plugin. -->","yoast_head_json":{"title":"Devenez membre du Cannabis Club | SweetOil CSC Barcelone | Contacts","description":"Venez lire ce dont vous avez besoin pour devenir membre du club de cannabis \u00e0 Barcelone. Certaines exigences DOIVENT \u00eatre satisfaites.","robots":{"index":"index","follow":"follow","max-snippet":"max-snippet:-1","max-image-preview":"max-image-preview:large","max-video-preview":"max-video-preview:-1"},"canonical":"https:\/\/sweetoilcannabisclub.com\/fr\/contacts\/","og_locale":"en_US","og_type":"article","og_title":"Devenez membre du Cannabis Club | SweetOil CSC Barcelone | Contacts","og_description":"Venez lire ce dont vous avez besoin pour devenir membre du club de cannabis \u00e0 Barcelone. Certaines exigences DOIVENT \u00eatre satisfaites.","og_url":"https:\/\/sweetoilcannabisclub.com\/fr\/contacts\/","og_site_name":"Sweet Oil Cannabis Club FR","article_publisher":"https:\/\/www.facebook.com\/SweetOil.Club\/","article_modified_time":"2026-01-19T10:09:15+00:00","og_image":[{"width":1772,"height":1182,"url":"https:\/\/sweetoilcannabisclub.com\/fr\/wp-content\/uploads\/sites\/3\/2024\/09\/Playing-pool-at-Sweet-oil-cannabis-club.jpg","type":"image\/jpeg"}],"twitter_card":"summary_large_image","twitter_misc":{"Est. reading time":"3 minutes"},"schema":{"@context":"https:\/\/schema.org","@graph":[{"@type":"WebPage","@id":"https:\/\/sweetoilcannabisclub.com\/fr\/contacts\/","url":"https:\/\/sweetoilcannabisclub.com\/fr\/contacts\/","name":"Devenez membre du Cannabis Club | SweetOil CSC Barcelone | Contacts","isPartOf":{"@id":"https:\/\/sweetoilcannabisclub.com\/fr\/#website"},"datePublished":"2020-07-08T15:33:32+00:00","dateModified":"2026-01-19T10:09:15+00:00","description":"Venez lire ce dont vous avez besoin pour devenir membre du club de cannabis \u00e0 Barcelone. Certaines exigences DOIVENT \u00eatre satisfaites.","inLanguage":"en-US","potentialAction":[{"@type":"ReadAction","target":["https:\/\/sweetoilcannabisclub.com\/fr\/contacts\/"]}]},{"@type":"WebSite","@id":"https:\/\/sweetoilcannabisclub.com\/fr\/#website","url":"https:\/\/sweetoilcannabisclub.com\/fr\/","name":"Sweet Oil Cannabs Club Barcelona","description":"Cannabis Club en Barcelone","publisher":{"@id":"https:\/\/sweetoilcannabisclub.com\/fr\/#organization"},"alternateName":"Sweet Oil Cannabs Club","potentialAction":[{"@type":"SearchAction","target":{"@type":"EntryPoint","urlTemplate":"https:\/\/sweetoilcannabisclub.com\/fr\/?s={search_term_string}"},"query-input":{"@type":"PropertyValueSpecification","valueRequired":true,"valueName":"search_term_string"}}],"inLanguage":"en-US"},{"@type":"Organization","@id":"https:\/\/sweetoilcannabisclub.com\/fr\/#organization","name":"Sweet Oil Cannabis Club Barcelona","alternateName":"Sweet Oil Cannabis Club","url":"https:\/\/sweetoilcannabisclub.com\/fr\/","logo":{"@type":"ImageObject","inLanguage":"en-US","@id":"https:\/\/sweetoilcannabisclub.com\/fr\/#\/schema\/logo\/image\/","url":"https:\/\/sweetoilcannabisclub.com\/fr\/wp-content\/uploads\/sites\/3\/2020\/07\/sweet-oil-csc-logo.png","contentUrl":"https:\/\/sweetoilcannabisclub.com\/fr\/wp-content\/uploads\/sites\/3\/2020\/07\/sweet-oil-csc-logo.png","width":175,"height":175,"caption":"Sweet Oil Cannabis Club Barcelona"},"image":{"@id":"https:\/\/sweetoilcannabisclub.com\/fr\/#\/schema\/logo\/image\/"},"sameAs":["https:\/\/www.facebook.com\/SweetOil.Club\/","https:\/\/www.instagram.com\/sweetoilclub\/"]}]}},"_links":{"self":[{"href":"https:\/\/sweetoilcannabisclub.com\/fr\/wp-json\/wp\/v2\/pages\/10","targetHints":{"allow":["GET"]}}],"collection":[{"href":"https:\/\/sweetoilcannabisclub.com\/fr\/wp-json\/wp\/v2\/pages"}],"about":[{"href":"https:\/\/sweetoilcannabisclub.com\/fr\/wp-json\/wp\/v2\/types\/page"}],"author":[{"embeddable":true,"href":"https:\/\/sweetoilcannabisclub.com\/fr\/wp-json\/wp\/v2\/users\/2"}],"replies":[{"embeddable":true,"href":"https:\/\/sweetoilcannabisclub.com\/fr\/wp-json\/wp\/v2\/comments?post=10"}],"version-history":[{"count":12,"href":"https:\/\/sweetoilcannabisclub.com\/fr\/wp-json\/wp\/v2\/pages\/10\/revisions"}],"predecessor-version":[{"id":239514,"href":"https:\/\/sweetoilcannabisclub.com\/fr\/wp-json\/wp\/v2\/pages\/10\/revisions\/239514"}],"wp:attachment":[{"href":"https:\/\/sweetoilcannabisclub.com\/fr\/wp-json\/wp\/v2\/media?parent=10"}],"curies":[{"name":"wp","href":"https:\/\/api.w.org\/{rel}","templated":true}]}}