{"id":12,"date":"2020-07-08T15:33:32","date_gmt":"2020-07-08T15:33:32","guid":{"rendered":"https:\/\/sweetoilcannabisclub.com\/?page_id=10"},"modified":"2026-01-19T10:06:21","modified_gmt":"2026-01-19T10:06:21","slug":"contactos","status":"publish","type":"page","link":"https:\/\/sweetoilcannabisclub.com\/es\/contactos\/","title":{"rendered":"Contactos"},"content":{"rendered":"<p>[et_pb_section fb_built=\u00bb1&#8243; admin_label=\u00bbHero\u00bb _builder_version=\u00bb4.16&#8243; use_background_color_gradient=\u00bbon\u00bb background_color_gradient_type=\u00bbcircular\u00bb background_color_gradient_direction_radial=\u00bbtop left\u00bb background_color_gradient_stops=\u00bbrgba(40,40,40,0.79) 0%|rgba(40,40,40,0.86) 100%\u00bb background_color_gradient_overlays_image=\u00bbon\u00bb background_color_gradient_start=\u00bbrgba(40,40,40,0.79)\u00bb background_color_gradient_end=\u00bbrgba(40,40,40,0.86)\u00bb background_image=\u00bbhttps:\/\/sweetoilcannabisclub.com\/es\/wp-content\/uploads\/sites\/2\/2020\/08\/barceeeeeeeeee.jpg\u00bb custom_padding=\u00bb0px||0px||true|false\u00bb global_colors_info=\u00bb{}\u00bb][et_pb_row column_structure=\u00bb2_3,1_3&#8243; use_custom_gutter=\u00bbon\u00bb make_equal=\u00bbon\u00bb padding_top_bottom_link_1=\u00bbtrue\u00bb padding_top_bottom_link_2=\u00bbtrue\u00bb padding_left_right_link_1=\u00bbtrue\u00bb padding_left_right_link_2=\u00bbtrue\u00bb _builder_version=\u00bb4.16&#8243; width=\u00bb100%\u00bb max_width=\u00bb100%\u00bb custom_padding=\u00bb0px||0px||true\u00bb use_custom_width=\u00bbon\u00bb width_unit=\u00bboff\u00bb custom_width_percent=\u00bb100%\u00bb global_colors_info=\u00bb{}\u00bb][et_pb_column type=\u00bb2_3&#8243; _builder_version=\u00bb4.16&#8243; custom_padding=\u00bb10vw|6vw|10vw|6vw\u00bb custom_padding_tablet=\u00bb10vw|10%|10vw|10%|true|true\u00bb custom_padding_phone=\u00bb\u00bb custom_padding_last_edited=\u00bbon|desktop\u00bb global_colors_info=\u00bb{}\u00bb padding_tablet=\u00bb10vw|10%|10vw|10%|true|true\u00bb padding_last_edited=\u00bbon|desktop\u00bb custom_padding__hover=\u00bb|||\u00bb padding_phone=\u00bb10vw|10%|10vw|10%|true|true\u00bb][et_pb_text _builder_version=\u00bb4.16&#8243; _module_preset=\u00bb4ef228ff-9812-440c-908d-eed4a5f399e7&#8243; header_font_size=\u00bb64px\u00bb background_layout=\u00bbdark\u00bb max_width=\u00bb800px\u00bb custom_margin=\u00bb||0px|\u00bb custom_padding=\u00bb|||16px\u00bb text_font_size_tablet=\u00bb14px\u00bb text_font_size_last_edited=\u00bboff|desktop\u00bb border_color_all=\u00bb#ffb400&#8243; border_width_left=\u00bb10px\u00bb global_colors_info=\u00bb{}\u00bb]<\/p>\n<h1>Contactos<\/h1>\n<p>[\/et_pb_text][et_pb_text _builder_version=\u00bb4.16&#8243; _module_preset=\u00bb4ef228ff-9812-440c-908d-eed4a5f399e7&#8243; text_font_size=\u00bb22px\u00bb text_line_height=\u00bb1.6em\u00bb background_layout=\u00bbdark\u00bb max_width=\u00bb800px\u00bb custom_margin=\u00bb|||\u00bb custom_padding=\u00bb20px||20px||true\u00bb text_font_size_tablet=\u00bb18px\u00bb text_font_size_phone=\u00bb\u00bb text_font_size_last_edited=\u00bbon|phone\u00bb global_colors_info=\u00bb{}\u00bb]DEBES cumplir con ciertos requisitos para ser socio\/a[\/et_pb_text][\/et_pb_column][et_pb_column type=\u00bb1_3&#8243; _builder_version=\u00bb4.16&#8243; background_color=\u00bb#ffb400&#8243; custom_padding=\u00bb80px|40px|80px|40px\u00bb custom_padding_tablet=\u00bb|10%||10%||true\u00bb custom_padding_phone=\u00bb\u00bb custom_padding_last_edited=\u00bbon|desktop\u00bb global_colors_info=\u00bb{}\u00bb padding_tablet=\u00bb|10%||10%||true\u00bb padding_last_edited=\u00bbon|desktop\u00bb custom_padding__hover=\u00bb|||\u00bb padding_phone=\u00bb|10%||10%||true\u00bb][et_pb_text _builder_version=\u00bb4.16&#8243; header_2_font=\u00bbRubik|700|||||||\u00bb header_2_font_size=\u00bb32px\u00bb custom_margin=\u00bb|||\u00bb header_2_font_size_last_edited=\u00bboff|desktop\u00bb global_colors_info=\u00bb{}\u00bb]<\/p>\n<h2>Info de contacto<\/h2>\n<p>[\/et_pb_text][et_pb_blurb title=\u00bbUbicaci\u00f3n \u00bb use_icon=\u00bbon\u00bb icon_color=\u00bb#ffffff\u00bb icon_placement=\u00bbleft\u00bb image_icon_width=\u00bb56px\u00bb content_max_width=\u00bb1100px\u00bb content_max_width_tablet=\u00bb1100px\u00bb content_max_width_last_edited=\u00bboff|desktop\u00bb _builder_version=\u00bb4.16&#8243; header_font=\u00bbRubik|700|||||||\u00bb header_text_color=\u00bb#2a2a2a\u00bb header_line_height=\u00bb1.4em\u00bb body_font=\u00bb||||||||\u00bb body_font_size=\u00bb15px\u00bb background_layout=\u00bbdark\u00bb custom_margin=\u00bb|||\u00bb custom_padding=\u00bb|||\u00bb animation_style=\u00bbslide\u00bb animation_direction=\u00bbright\u00bb animation_intensity_slide=\u00bb10%\u00bb animation=\u00bboff\u00bb icon_font_size=\u00bb56px\u00bb global_colors_info=\u00bb{}\u00bb]<\/p>\n<p>Carrer de Sepulveda, 65<br \/> 08015, Barcelona<br \/> Catalunya, Spain<\/p>\n<p>[\/et_pb_blurb][et_pb_blurb title=\u00bbHorarios\u00bb use_icon=\u00bbon\u00bb icon_color=\u00bb#ffffff\u00bb icon_placement=\u00bbleft\u00bb image_icon_width=\u00bb56px\u00bb content_max_width=\u00bb1100px\u00bb content_max_width_tablet=\u00bb1100px\u00bb content_max_width_last_edited=\u00bboff|desktop\u00bb _builder_version=\u00bb4.17.6&#8243; header_font=\u00bbRubik|700|||||||\u00bb header_text_color=\u00bb#2a2a2a\u00bb header_line_height=\u00bb1.4em\u00bb body_font=\u00bb||||||||\u00bb body_font_size=\u00bb15px\u00bb background_layout=\u00bbdark\u00bb custom_margin=\u00bb|||\u00bb custom_padding=\u00bb|||\u00bb animation_style=\u00bbslide\u00bb animation_direction=\u00bbright\u00bb animation_intensity_slide=\u00bb10%\u00bb animation=\u00bboff\u00bb icon_font_size=\u00bb56px\u00bb global_colors_info=\u00bb{}\u00bb]<\/p>\n<p>Lunes &#8211; Sabado : 10:00 &#8211; 00:30<br \/>Domingo: 11:00 &#8211; 00:30<\/p>\n<p>[\/et_pb_blurb][et_pb_blurb title=\u00bbContactos\u00bb use_icon=\u00bbon\u00bb icon_color=\u00bb#ffffff\u00bb icon_placement=\u00bbleft\u00bb image_icon_width=\u00bb56px\u00bb content_max_width=\u00bb1100px\u00bb content_max_width_tablet=\u00bb1100px\u00bb content_max_width_last_edited=\u00bboff|desktop\u00bb _builder_version=\u00bb4.27.0&#8243; header_font=\u00bbRubik|700|||||||\u00bb header_text_color=\u00bb#2a2a2a\u00bb header_line_height=\u00bb1.4em\u00bb body_font=\u00bb||||||||\u00bb body_font_size=\u00bb15px\u00bb background_layout=\u00bbdark\u00bb custom_margin=\u00bb|||\u00bb custom_padding=\u00bb|||\u00bb animation_style=\u00bbslide\u00bb animation_direction=\u00bbright\u00bb animation_intensity_slide=\u00bb10%\u00bb animation=\u00bboff\u00bb hover_enabled=\u00bb0&#8243; icon_font_size=\u00bb56px\u00bb global_colors_info=\u00bb{}\u00bb body_link_font=\u00bb||||on||||\u00bb body_link_text_color=\u00bb#FFFFFF\u00bb sticky_enabled=\u00bb0&#8243;]<a alt=\"Cont\u00e1ctenos por correo electr\u00f3nico\" title=\"Cont\u00e1ctenos por correo electr\u00f3nico\" href=\"mailto:info@sweetoilcannabisclub.com\">info@sweetoilcannabisclub.com<\/a><\/p>\n<p><a alt=\"Cont\u00e1ctenos por tel\u00e9fono\" title=\"Cont\u00e1ctenos por tel\u00e9fono\" href=\"tel:+34938072873\">+34 938 07 28 73<\/a>[\/et_pb_blurb][et_pb_social_media_follow _builder_version=\u00bb4.27.0&#8243; text_orientation=\u00bbcenter\u00bb custom_padding=\u00bb|||\u00bb locked=\u00bboff\u00bb global_colors_info=\u00bb{}\u00bb][et_pb_social_media_follow_network social_network=\u00bbfacebook\u00bb url=\u00bbhttps:\/\/www.facebook.com\/SweetOilSocialClubBarcelona\/\u00bb _builder_version=\u00bb4.27.0&#8243; custom_padding=\u00bb|10px||10px||true\u00bb global_colors_info=\u00bb{}\u00bb follow_button=\u00bboff\u00bb url_new_window=\u00bbon\u00bb]facebook[\/et_pb_social_media_follow_network][et_pb_social_media_follow_network social_network=\u00bbinstagram\u00bb url=\u00bbhttps:\/\/www.instagram.com\/sweetoilclub\/\u00bb _builder_version=\u00bb4.27.0&#8243; background_enable_color=\u00bboff\u00bb custom_padding=\u00bb|10px||10px||true\u00bb global_colors_info=\u00bb{}\u00bb follow_button=\u00bboff\u00bb url_new_window=\u00bbon\u00bb]instagram[\/et_pb_social_media_follow_network][\/et_pb_social_media_follow][\/et_pb_column][\/et_pb_row][\/et_pb_section][et_pb_section fb_built=\u00bb1&#8243; admin_label=\u00bbFAQ\u00bb _builder_version=\u00bb4.16&#8243; background_color=\u00bb#f7f7f7&#8243; global_colors_info=\u00bb{}\u00bb][et_pb_row column_structure=\u00bb1_2,1_2&#8243; _builder_version=\u00bb4.16&#8243; global_colors_info=\u00bb{}\u00bb][et_pb_column type=\u00bb1_2&#8243; _builder_version=\u00bb4.16&#8243; custom_padding=\u00bb|||\u00bb global_colors_info=\u00bb{}\u00bb custom_padding__hover=\u00bb|||\u00bb][et_pb_text _builder_version=\u00bb4.17.6&#8243; _module_preset=\u00bb4ef228ff-9812-440c-908d-eed4a5f399e7&#8243; custom_margin=\u00bb||0px||false|false\u00bb custom_padding=\u00bb||0px||false|false\u00bb locked=\u00bboff\u00bb global_colors_info=\u00bb{}\u00bb]<\/p>\n<h2>Ponte en contacto con nosotros<\/h2>\n<p>[\/et_pb_text][et_pb_divider color=\u00bb#ffb400&#8243; divider_weight=\u00bb5px\u00bb _builder_version=\u00bb4.16&#8243; max_width=\u00bb50px\u00bb custom_margin=\u00bb0px||0px||false|false\u00bb custom_padding=\u00bb0px||||false|false\u00bb locked=\u00bboff\u00bb global_colors_info=\u00bb{}\u00bb][\/et_pb_divider][et_pb_text _builder_version=\u00bb4.27.0&#8243; _module_preset=\u00bb4ef228ff-9812-440c-908d-eed4a5f399e7&#8243; header_2_font=\u00bbRubik|700|||||||\u00bb custom_margin=\u00bb|||\u00bb locked=\u00bboff\u00bb global_colors_info=\u00bb{}\u00bb]<\/p>\n<p><b>Recuerda<\/b>: ninguna invitaci\u00f3n al cannabis club garantiza el registro de membres\u00eda. Si el club acepta nuevos miembros y se le permite proceder a la entrevista, no significa que se convertir\u00e1 autom\u00e1ticamente en socio.<br \/>Los clubes se reservan el derecho de admisi\u00f3n, no siempre se aceptan nuevos socios y la disponibilidad puede desaparecer sin previo aviso.<br \/>Los clubes no pueden responder ninguna pregunta hasta que se complete el registro, por lo que si est\u00e1 interesado, solo puede recibir informaci\u00f3n sobre la disponibilidad de nuevas membres\u00edas y, por lo tanto, todo el contenido de este sitio web tiene un prop\u00f3sito meramente informativo.<\/p>\n<p>[\/et_pb_text][\/et_pb_column][et_pb_column type=\u00bb1_2&#8243; _builder_version=\u00bb4.16&#8243; custom_padding=\u00bb|||\u00bb global_colors_info=\u00bb{}\u00bb custom_padding__hover=\u00bb|||\u00bb][et_pb_blurb use_icon=\u00bbon\u00bb font_icon=\u00bb&#xf071;||fa||900&#8243; icon_placement=\u00bbleft\u00bb image_icon_width=\u00bb20px\u00bb _builder_version=\u00bb4.17.6&#8243; _module_preset=\u00bbdefault\u00bb icon_font_size=\u00bb30px\u00bb global_colors_info=\u00bb{}\u00bb]<\/p>\n<p>Ser +21. Debe tener una identificaci\u00f3n v\u00e1lida.<\/p>\n<p>[\/et_pb_blurb][et_pb_blurb use_icon=\u00bbon\u00bb font_icon=\u00bb&#xf071;||fa||900&#8243; icon_placement=\u00bbleft\u00bb image_icon_width=\u00bb20px\u00bb _builder_version=\u00bb4.17.6&#8243; _module_preset=\u00bbdefault\u00bb header_level=\u00bbh5&#8243; icon_font_size=\u00bb30px\u00bb global_colors_info=\u00bb{}\u00bb]<\/p>\n<p>Verifica que sea benvenido:\u00a0Para poder unirte a un club de cannabis en Barcelona, \u200b\u200bun miembro existente debe respaldarte. Si no conoce a nadie que sea miembro, puede solicitar informaciones, verificar si es bienvenido y recibir la aprobaci\u00f3n del club.<\/p>\n<p>[\/et_pb_blurb][\/et_pb_column][\/et_pb_row][et_pb_row _builder_version=\u00bb4.16&#8243; _module_preset=\u00bbdefault\u00bb global_colors_info=\u00bb{}\u00bb][et_pb_column type=\u00bb4_4&#8243; _builder_version=\u00bb4.16&#8243; _module_preset=\u00bbdefault\u00bb global_colors_info=\u00bb{}\u00bb][wpforms_selector form_id=\u00bb239233&#8243; _builder_version=\u00bb4.15.1&#8243; _module_preset=\u00bbdefault\u00bb global_colors_info=\u00bb{}\u00bb][\/wpforms_selector][\/et_pb_column][\/et_pb_row][\/et_pb_section][et_pb_section fb_built=\u00bb1&#8243; fullwidth=\u00bbon\u00bb _builder_version=\u00bb4.16&#8243; _module_preset=\u00bbdefault\u00bb box_shadow_style=\u00bbpreset3&#8243; box_shadow_vertical=\u00bb-12px\u00bb global_colors_info=\u00bb{}\u00bb][et_pb_fullwidth_code _builder_version=\u00bb4.21.0&#8243; _module_preset=\u00bbdefault\u00bb width=\u00bb100%\u00bb max_width=\u00bb100%\u00bb overflow-x=\u00bbhidden\u00bb overflow-y=\u00bbhidden\u00bb custom_margin=\u00bb||0px||false|false\u00bb custom_padding=\u00bb|0px|0px|0px|false|true\u00bb global_colors_info=\u00bb{}\u00bb]<iframe src=\"https:\/\/www.google.com\/maps\/embed?pb=!1m14!1m8!1m3!1d11975.217436159106!2d2.1557395!3d41.3783351!3m2!1i1024!2i768!4f13.1!3m3!1m2!1s0x12a4a26326c55555%3A0x7e7ce546b5b3fb35!2sSweet%20Oil%20Cannabis%20Club%20Barcelona!5e0!3m2!1ses!2sit!4v1689606693712!5m2!1ses!2sit\" width=\"100%\" height=\"600\" style=\"border:0;\" allowfullscreen=\"\" loading=\"lazy\" referrerpolicy=\"no-referrer-when-downgrade\"><\/iframe>[\/et_pb_fullwidth_code][\/et_pb_section]<\/p>\n","protected":false},"excerpt":{"rendered":"<p>ContactosDEBES cumplir con ciertos requisitos para ser socio\/aInfo de contactoCarrer de Sepulveda, 65 08015, Barcelona Catalunya, SpainLunes &#8211; Sabado : 10:00 &#8211; 00:30Domingo: 11:00 &#8211; 00:30info@sweetoilcannabisclub.com +34 938 07 28 73Ponte en contacto con nosotrosRecuerda: ninguna invitaci\u00f3n al cannabis club garantiza el registro de membres\u00eda. Si el club acepta nuevos miembros y se le permite [&hellip;]<\/p>\n","protected":false},"author":1,"featured_media":0,"parent":0,"menu_order":0,"comment_status":"closed","ping_status":"closed","template":"","meta":{"_et_pb_use_builder":"on","_et_pb_old_content":"<!-- wp:paragraph -->\r\n<p>This is a page with some basic contact information, such as an address and phone number. You might also try a plugin to add a contact form.<\/p>\r\n<!-- \/wp:paragraph -->","_et_gb_content_width":"","footnotes":""},"class_list":["post-12","page","type-page","status-publish","hentry"],"yoast_head":"<!-- This site is optimized with the Yoast SEO plugin v26.7 - https:\/\/yoast.com\/wordpress\/plugins\/seo\/ -->\n<title>Socio del Social Club | SweetOil CSC Barcelona | Contactos<\/title>\n<meta name=\"description\" content=\"Lee qu\u00e9 necesitas para convertirte en miembro del club en Barcelona. Hay algunos requisitos que DEBEN cumplirse.\" \/>\n<meta name=\"robots\" content=\"index, follow, max-snippet:-1, max-image-preview:large, max-video-preview:-1\" \/>\n<link rel=\"canonical\" href=\"https:\/\/sweetoilcannabisclub.com\/es\/contactos\/\" \/>\n<meta property=\"og:locale\" content=\"es_ES\" \/>\n<meta property=\"og:type\" content=\"article\" \/>\n<meta property=\"og:title\" content=\"Socio del Social Club | SweetOil CSC Barcelona | Contactos\" \/>\n<meta property=\"og:description\" content=\"Lee qu\u00e9 necesitas para convertirte en miembro del club en Barcelona. Hay algunos requisitos que DEBEN cumplirse.\" \/>\n<meta property=\"og:url\" content=\"https:\/\/sweetoilcannabisclub.com\/es\/contactos\/\" \/>\n<meta property=\"og:site_name\" content=\"Sweet Oil Cannabis Club ES\" \/>\n<meta property=\"article:publisher\" content=\"https:\/\/facebook.com\/Sweetoil.club\/\" \/>\n<meta property=\"article:modified_time\" content=\"2026-01-19T10:06:21+00:00\" \/>\n<meta property=\"og:image\" content=\"https:\/\/sweetoilcannabisclub.com\/es\/wp-content\/uploads\/sites\/2\/2024\/09\/Playing-pool-at-Sweet-oil-cannabis-club.jpg\" \/>\n\t<meta property=\"og:image:width\" content=\"1772\" \/>\n\t<meta property=\"og:image:height\" content=\"1182\" \/>\n\t<meta property=\"og:image:type\" content=\"image\/jpeg\" \/>\n<meta name=\"twitter:card\" content=\"summary_large_image\" \/>\n<meta name=\"twitter:label1\" content=\"Tiempo de lectura\" \/>\n\t<meta name=\"twitter:data1\" content=\"2 minutos\" \/>\n<script type=\"application\/ld+json\" class=\"yoast-schema-graph\">{\"@context\":\"https:\/\/schema.org\",\"@graph\":[{\"@type\":\"WebPage\",\"@id\":\"https:\/\/sweetoilcannabisclub.com\/es\/contactos\/\",\"url\":\"https:\/\/sweetoilcannabisclub.com\/es\/contactos\/\",\"name\":\"Socio del Social Club | SweetOil CSC Barcelona | Contactos\",\"isPartOf\":{\"@id\":\"https:\/\/sweetoilcannabisclub.com\/es\/#website\"},\"datePublished\":\"2020-07-08T15:33:32+00:00\",\"dateModified\":\"2026-01-19T10:06:21+00:00\",\"description\":\"Lee qu\u00e9 necesitas para convertirte en miembro del club en Barcelona. Hay algunos requisitos que DEBEN cumplirse.\",\"breadcrumb\":{\"@id\":\"https:\/\/sweetoilcannabisclub.com\/es\/contactos\/#breadcrumb\"},\"inLanguage\":\"es\",\"potentialAction\":[{\"@type\":\"ReadAction\",\"target\":[\"https:\/\/sweetoilcannabisclub.com\/es\/contactos\/\"]}]},{\"@type\":\"BreadcrumbList\",\"@id\":\"https:\/\/sweetoilcannabisclub.com\/es\/contactos\/#breadcrumb\",\"itemListElement\":[{\"@type\":\"ListItem\",\"position\":1,\"name\":\"Home\",\"item\":\"https:\/\/sweetoilcannabisclub.com\/es\/\"},{\"@type\":\"ListItem\",\"position\":2,\"name\":\"Contactos\"}]},{\"@type\":\"WebSite\",\"@id\":\"https:\/\/sweetoilcannabisclub.com\/es\/#website\",\"url\":\"https:\/\/sweetoilcannabisclub.com\/es\/\",\"name\":\"Sweet Oil Cannabis Club Barcelona\",\"description\":\"Cannabis Club en Barcelona\",\"publisher\":{\"@id\":\"https:\/\/sweetoilcannabisclub.com\/es\/#organization\"},\"alternateName\":\"Sweet Oil Cannabis Club\",\"potentialAction\":[{\"@type\":\"SearchAction\",\"target\":{\"@type\":\"EntryPoint\",\"urlTemplate\":\"https:\/\/sweetoilcannabisclub.com\/es\/?s={search_term_string}\"},\"query-input\":{\"@type\":\"PropertyValueSpecification\",\"valueRequired\":true,\"valueName\":\"search_term_string\"}}],\"inLanguage\":\"es\"},{\"@type\":\"Organization\",\"@id\":\"https:\/\/sweetoilcannabisclub.com\/es\/#organization\",\"name\":\"Sweet Oil Cannabis Club Barcelona\",\"alternateName\":\"Sweet Oil Cannabis Club\",\"url\":\"https:\/\/sweetoilcannabisclub.com\/es\/\",\"logo\":{\"@type\":\"ImageObject\",\"inLanguage\":\"es\",\"@id\":\"https:\/\/sweetoilcannabisclub.com\/es\/#\/schema\/logo\/image\/\",\"url\":\"https:\/\/sweetoilcannabisclub.com\/es\/wp-content\/uploads\/sites\/2\/2020\/07\/sweet-oil-csc-logo.png\",\"contentUrl\":\"https:\/\/sweetoilcannabisclub.com\/es\/wp-content\/uploads\/sites\/2\/2020\/07\/sweet-oil-csc-logo.png\",\"width\":175,\"height\":175,\"caption\":\"Sweet Oil Cannabis Club Barcelona\"},\"image\":{\"@id\":\"https:\/\/sweetoilcannabisclub.com\/es\/#\/schema\/logo\/image\/\"},\"sameAs\":[\"https:\/\/facebook.com\/Sweetoil.club\/\",\"https:\/\/instagram.com\/sweetoilclub\/\"]}]}<\/script>\n<!-- \/ Yoast SEO plugin. -->","yoast_head_json":{"title":"Socio del Social Club | SweetOil CSC Barcelona | Contactos","description":"Lee qu\u00e9 necesitas para convertirte en miembro del club en Barcelona. Hay algunos requisitos que DEBEN cumplirse.","robots":{"index":"index","follow":"follow","max-snippet":"max-snippet:-1","max-image-preview":"max-image-preview:large","max-video-preview":"max-video-preview:-1"},"canonical":"https:\/\/sweetoilcannabisclub.com\/es\/contactos\/","og_locale":"es_ES","og_type":"article","og_title":"Socio del Social Club | SweetOil CSC Barcelona | Contactos","og_description":"Lee qu\u00e9 necesitas para convertirte en miembro del club en Barcelona. Hay algunos requisitos que DEBEN cumplirse.","og_url":"https:\/\/sweetoilcannabisclub.com\/es\/contactos\/","og_site_name":"Sweet Oil Cannabis Club ES","article_publisher":"https:\/\/facebook.com\/Sweetoil.club\/","article_modified_time":"2026-01-19T10:06:21+00:00","og_image":[{"width":1772,"height":1182,"url":"https:\/\/sweetoilcannabisclub.com\/es\/wp-content\/uploads\/sites\/2\/2024\/09\/Playing-pool-at-Sweet-oil-cannabis-club.jpg","type":"image\/jpeg"}],"twitter_card":"summary_large_image","twitter_misc":{"Tiempo de lectura":"2 minutos"},"schema":{"@context":"https:\/\/schema.org","@graph":[{"@type":"WebPage","@id":"https:\/\/sweetoilcannabisclub.com\/es\/contactos\/","url":"https:\/\/sweetoilcannabisclub.com\/es\/contactos\/","name":"Socio del Social Club | SweetOil CSC Barcelona | Contactos","isPartOf":{"@id":"https:\/\/sweetoilcannabisclub.com\/es\/#website"},"datePublished":"2020-07-08T15:33:32+00:00","dateModified":"2026-01-19T10:06:21+00:00","description":"Lee qu\u00e9 necesitas para convertirte en miembro del club en Barcelona. Hay algunos requisitos que DEBEN cumplirse.","breadcrumb":{"@id":"https:\/\/sweetoilcannabisclub.com\/es\/contactos\/#breadcrumb"},"inLanguage":"es","potentialAction":[{"@type":"ReadAction","target":["https:\/\/sweetoilcannabisclub.com\/es\/contactos\/"]}]},{"@type":"BreadcrumbList","@id":"https:\/\/sweetoilcannabisclub.com\/es\/contactos\/#breadcrumb","itemListElement":[{"@type":"ListItem","position":1,"name":"Home","item":"https:\/\/sweetoilcannabisclub.com\/es\/"},{"@type":"ListItem","position":2,"name":"Contactos"}]},{"@type":"WebSite","@id":"https:\/\/sweetoilcannabisclub.com\/es\/#website","url":"https:\/\/sweetoilcannabisclub.com\/es\/","name":"Sweet Oil Cannabis Club Barcelona","description":"Cannabis Club en Barcelona","publisher":{"@id":"https:\/\/sweetoilcannabisclub.com\/es\/#organization"},"alternateName":"Sweet Oil Cannabis Club","potentialAction":[{"@type":"SearchAction","target":{"@type":"EntryPoint","urlTemplate":"https:\/\/sweetoilcannabisclub.com\/es\/?s={search_term_string}"},"query-input":{"@type":"PropertyValueSpecification","valueRequired":true,"valueName":"search_term_string"}}],"inLanguage":"es"},{"@type":"Organization","@id":"https:\/\/sweetoilcannabisclub.com\/es\/#organization","name":"Sweet Oil Cannabis Club Barcelona","alternateName":"Sweet Oil Cannabis Club","url":"https:\/\/sweetoilcannabisclub.com\/es\/","logo":{"@type":"ImageObject","inLanguage":"es","@id":"https:\/\/sweetoilcannabisclub.com\/es\/#\/schema\/logo\/image\/","url":"https:\/\/sweetoilcannabisclub.com\/es\/wp-content\/uploads\/sites\/2\/2020\/07\/sweet-oil-csc-logo.png","contentUrl":"https:\/\/sweetoilcannabisclub.com\/es\/wp-content\/uploads\/sites\/2\/2020\/07\/sweet-oil-csc-logo.png","width":175,"height":175,"caption":"Sweet Oil Cannabis Club Barcelona"},"image":{"@id":"https:\/\/sweetoilcannabisclub.com\/es\/#\/schema\/logo\/image\/"},"sameAs":["https:\/\/facebook.com\/Sweetoil.club\/","https:\/\/instagram.com\/sweetoilclub\/"]}]}},"_links":{"self":[{"href":"https:\/\/sweetoilcannabisclub.com\/es\/wp-json\/wp\/v2\/pages\/12","targetHints":{"allow":["GET"]}}],"collection":[{"href":"https:\/\/sweetoilcannabisclub.com\/es\/wp-json\/wp\/v2\/pages"}],"about":[{"href":"https:\/\/sweetoilcannabisclub.com\/es\/wp-json\/wp\/v2\/types\/page"}],"author":[{"embeddable":true,"href":"https:\/\/sweetoilcannabisclub.com\/es\/wp-json\/wp\/v2\/users\/1"}],"replies":[{"embeddable":true,"href":"https:\/\/sweetoilcannabisclub.com\/es\/wp-json\/wp\/v2\/comments?post=12"}],"version-history":[{"count":21,"href":"https:\/\/sweetoilcannabisclub.com\/es\/wp-json\/wp\/v2\/pages\/12\/revisions"}],"predecessor-version":[{"id":239551,"href":"https:\/\/sweetoilcannabisclub.com\/es\/wp-json\/wp\/v2\/pages\/12\/revisions\/239551"}],"wp:attachment":[{"href":"https:\/\/sweetoilcannabisclub.com\/es\/wp-json\/wp\/v2\/media?parent=12"}],"curies":[{"name":"wp","href":"https:\/\/api.w.org\/{rel}","templated":true}]}}