{"id":10,"date":"2020-07-08T15:00:10","date_gmt":"2020-07-08T15:00:10","guid":{"rendered":"https:\/\/sweetoilcannabisclub.com\/?page_id=3"},"modified":"2024-09-12T09:49:53","modified_gmt":"2024-09-12T08:49:53","slug":"politica-privacidad","status":"publish","type":"page","link":"https:\/\/sweetoilcannabisclub.com\/es\/politica-privacidad\/","title":{"rendered":"Politica de Privacidad"},"content":{"rendered":"<p align=\"center\"><u><b>POL\u00cdTICA DE PRIVACIDAD<\/b><\/u><\/p>\n<p>A trav\u00e9s del presente aviso, <b>\u201c<\/b><b>SWEET OIL CANNABIS CLUB<\/b><b>\u201d<\/b> (en adelante \u201c<b>Sweet<\/b>\u201d), informa a los usuarios de la Web <b>www.sweetoilcannabisclub.com<\/b>, en cumplimiento del art\u00edculo 13 del Reglamento Europeo 2016\/679 de 27 de abril (RGPD), de Protecci\u00f3n de Datos de Car\u00e1cter Personal y estatal de desarrollo, con la finalidad que \u00e9stos decidan de forma previa, inequ\u00edvoca, libre y voluntaria, facilitar a <b>\u201cSweet\u201d<\/b> los datos personales que les son solicitados para la contrataci\u00f3n de los diversos servicios que se ofrecen en la propria web.<\/p>\n<p><span style=\"color: #000000;\"><span style=\"font-family: Verdana, serif;\"><span style=\"font-size: small;\">Por tanto, se informa a los usuarios que los datos de car\u00e1cter personal facilitados ser\u00e1n incorporados a un fichero, del cual el titular y responsable es <\/span><\/span><\/span><span style=\"color: #000000;\"><span style=\"font-family: Verdana, serif;\"><span style=\"font-size: small;\"><b>\u201cSweet\u201d<\/b><\/span><\/span><\/span><span style=\"color: #000000;\"><span style=\"font-family: Verdana, serif;\"><span style=\"font-size: small;\">, con domicilio social en C\/ <\/span><\/span><\/span><span style=\"color: #222222;\"><span style=\"font-family: Arial, serif;\">de Sepulveda, 65, 08021 <\/span><\/span><span style=\"color: #000000;\"><span style=\"font-family: Verdana, serif;\"><span style=\"font-size: small;\">de Barcelona, llevando a cabo un tratamiento mixto con la finalidad de mantener la relaci\u00f3n negocial as\u00ed como la gesti\u00f3n, administraci\u00f3n, prestaci\u00f3n, ampliaci\u00f3n y mejora de nuestros servicios.<\/span><\/span><\/span><\/p>\n<p><span style=\"color: #000000;\"><span style=\"font-family: Verdana, serif;\"><span style=\"font-size: small;\">En cuanto a posibles <\/span><\/span><\/span><span style=\"color: #000000;\"><span style=\"font-family: Verdana, serif;\"><span style=\"font-size: small;\"><b>cesiones a terceros colaboradores<\/b><\/span><\/span><\/span><span style=\"color: #000000;\"><span style=\"font-family: Verdana, serif;\"><span style=\"font-size: small;\">, est\u00e1n siempre estar\u00e1n limitadas a su previo consentimiento o bien cuando responda a la libre y leg\u00edtima aceptaci\u00f3n de una relaci\u00f3n jur\u00eddica cuyo desarrollo, cumplimiento y control implique necesariamente la conexi\u00f3n de dicho tratamiento con ficheros de tercero. Tambi\u00e9n cuando est\u00e9 amparada en una norma legal de obligado cumplimiento.<\/span><\/span><\/span><\/p>\n<p>Excepto que espec\u00edficamente se establezca lo contrario, se considera necesario completar todos los datos requeridos en los formularios existentes en la web, de forma verdadera, exacta, completa y actualizada. En caso contrario<b>, \u201cSweet\u201d<\/b> podr\u00e1, dependiendo del caso, no proceder al registro del usuario, o bien denegar el servicio concreto solicitado.<\/p>\n<p>De la misma manera, de conformidad con lo que se establece en el elenco normativo de protecci\u00f3n de datos, el usuario puede ejercer sus derechos de acceso, rectificaci\u00f3n, cancelaci\u00f3n y oposici\u00f3n, dirigiendo una comunicaci\u00f3n escrita a <a href=\"mailto:sweetoil@mail.com\">sweetoil@mail.com<\/a> , en la que acredite su identidad, y indicando en el asunto del correo \u201cDAR DE BAJA\u201d. Se requerir\u00e1 un consentimiento espec\u00edfico. La solicitud deber\u00e1 contener nombre, apellidos y fotocopia del DNI del interesado o de su representante legal, as\u00ed como documento acreditativo de la representaci\u00f3n, petici\u00f3n en la que se concrete la solicitud, domicilio a efectos de notificaciones, fecha y firma del solicitante y documentos acreditativos de la petici\u00f3n que formula.<\/p>\n<p align=\"justify\"><span style=\"color: #000000;\"><span style=\"font-family: Verdana, serif;\"><span style=\"font-size: small;\">Si la solicitud no re\u00fane los requisitos especificados se requerir\u00e1 su subsanaci\u00f3n. Respecto al derecho de acceso, \u00fanicamente se denegar\u00e1 cuando la solicitud no cumpla los requisitos anteriormente citados y no se acredite ning\u00fan inter\u00e9s leg\u00edtimo al efecto. No se exigir\u00e1 ninguna contraprestaci\u00f3n por el ejercicio de los derechos.<\/span><\/span><\/span><\/p>\n<p><span style=\"color: #000000;\"><span style=\"font-family: Verdana, serif;\"><span style=\"font-size: small;\">No se podr\u00e1n atender las solicitudes respecto del ejercicio del derecho de cancelaci\u00f3n de datos identificativos de los usuarios mientras \u00e9stos mantengan su relaci\u00f3n con <\/span><\/span><\/span><span style=\"color: #000000;\"><span style=\"font-family: Verdana, serif;\"><span style=\"font-size: small;\"><b>\u201cSweet\u201d.<\/b><\/span><\/span><\/span><\/p>\n<p>&nbsp;<\/p>\n<p>\u201c<b>Sweet\u201d<\/b> ha adoptado las medidas de \u00edndole t\u00e9cnica y organizativa necesarias para garantizar la seguridad de los datos y evitar su alteraci\u00f3n, p\u00e9rdida, tratamiento o acceso no autorizado, teniendo en cuenta el estado de la tecnolog\u00eda, la naturaleza de los datos almacenados y los riesgos a que se encuentran expuestos, ya provengan de la acci\u00f3n humana o del medio f\u00edsico o natural. Se han adoptado las medidas de \u00edndole t\u00e9cnicas y organizativas que persiguen alcanzar los objetivos b\u00e1sicos en materia de seguridad, como son: la confidencialidad, entendida como la limitaci\u00f3n de acceso a la informaci\u00f3n por personas no autorizadas; la integridad, entendida como el mantenimiento de la informaci\u00f3n fiable y con calidad, y la disponibilidad, entendida como la garant\u00eda de acceso al sistema de informaci\u00f3n por la solicitud de un usuario autorizado.<\/p>\n<p>&nbsp;<\/p>\n<p>En cumplimiento de la Ley 34\/2002 de 11 de julio de Servicios de la Informaci\u00f3n y del Comercio Electr\u00f3nico y de las modificaciones en ella introducidas por la Ley 32\/2003 de 3 de noviembre, General de Telecomunicaciones, se advierte que la aceptaci\u00f3n de la presente cl\u00e1usula a trav\u00e9s del inserimiento de los datos personales en los formularios de contacto, implica, adem\u00e1s, su consentimiento para recibir comunicaciones personales realizadas a trav\u00e9s de correo electr\u00f3nico. En todo momento el usuario puede oponerse al tratamiento de sus datos para \u00e9stas finalidades y revocar el consentimiento prestado, siendo suficiente dirigir una comunicaci\u00f3n escrita por correo electr\u00f3nico a la direcci\u00f3n electr\u00f3nica sweetoil@mail.com, indicando en el asunto del correo \u201cDAR DE BAJA\u201d. Se requerir\u00e1 un consentimiento espec\u00edfico.<\/p>\n<p>&nbsp;<\/p>\n<p>La Web de <b>\u201cSweet Oil\u201d<\/b> no contiene enlaces a otras p\u00e1ginas Web que puedan resultar de inter\u00e9s para los usuarios. <b>\u201cSweet\u201d <\/b>no asume ninguna responsabilidad sobre \u00e9stos enlaces, sin que se pueda dar ninguna garant\u00eda en el cumplimiento de pol\u00edticas de privacidad adecuadas, por lo que el usuario accede al contenido de las referidas p\u00e1ginas web en las condiciones de uso que se fijen en las mismas y bajo su exclusiva responsabilidad.<\/p>\n<p align=\"justify\"><span style=\"color: #000000;\"><span style=\"font-family: Verdana, serif;\"><span style=\"font-size: small;\">Los usuarios que tengan alguna duda, cuesti\u00f3n o recomendaci\u00f3n sobre nuestra Pol\u00edtica de Privacidad, pueden dirigirse a trav\u00e9s de correo electr\u00f3nico a la siguiente direcci\u00f3n:<\/span><\/span><\/span> <span style=\"color: #000000;\"><span style=\"font-family: Verdana, serif;\"><span style=\"font-size: small;\">sweetoil@mail.com.<\/span><\/span><\/span><\/p>\n<div class=\"fusion-title title fusion-title-size-one\">\n<p><a name=\"cookies\"><\/a><\/p>\n<h2 data-fontsize=\"26\" data-lineheight=\"36\"><strong>Pol\u00edtica de cookies<\/strong><\/h2>\n<div class=\"title-sep-container\">\n<div class=\"title-sep sep-double\"><strong>Qu\u00e9 son las cookies<\/strong><\/div>\n<\/div>\n<\/div>\n<div class=\"fusion-one-full fusion-layout-column fusion-column-last fusion-spacing-yes\">\n<div class=\"fusion-column-wrapper\">\n<p>Las cookies son peque\u00f1os archivos que nuestro ordenador trasmite al suyo, pero que no nos proporciona informaci\u00f3n ni sobre su nombre, ni sobre cualquier otro dato de car\u00e1cter personal. El uso de cookies en la Web www.sweetoilcannabisclub.com se limita \u00fanica y exclusivamente a efectos de funcionamiento, seguridad y estad\u00edsticos. Las cookies que utilizamos no pueden leer datos de su ordenador ni leer las cookies que existieran en su ordenador de otras p\u00e1ginas Web. Si quiere puede configurar su navegador para que le avise en pantalla que va ha recibir una cookie. Si el usuario decide que su ordenador no reciba \u00e9stas cookies, esto no impedir\u00e1 que se pueda acceder a la informaci\u00f3n de la p\u00e1gina www.sweetoilcannabisclub.com.<\/p>\n<p>&nbsp;<\/p>\n<ol>\n<li>Podemos recabar informaci\u00f3n sobre tu ordenador, incluido, en su caso, su direcci\u00f3n de IP, sistema operativo y tipo de navegador, para la administraci\u00f3n del sistema. Se trata de datos estad\u00edsticos sobre c\u00f3mo navegas por nuestro sitio Web.<\/li>\n<\/ol>\n<p>&nbsp;<\/p>\n<ol start=\"2\">\n<li>Por la misma raz\u00f3n, podemos obtener informaci\u00f3n sobre tu uso general en nuestra tienda mediante un archivo de cookies que se almacena en el disco duro de tu ordenador. Las cookies contienen informaci\u00f3n que se transfiere al disco duro de tu ordenador.<\/li>\n<\/ol>\n<p>&nbsp;<\/p>\n<ol start=\"3\">\n<li>Las cookies nos ayudan a mejorar nuestro sitio Web y a prestar un servicio mejor y m\u00e1s personalizado. En concreto, nos permiten:<\/li>\n<\/ol>\n<p>&nbsp;<\/p>\n<ul>\n<li>Hacer una estimaci\u00f3n sobre n\u00fameros y patrones de uso.<\/li>\n<\/ul>\n<p>&nbsp;<\/p>\n<ul>\n<li>Almacenar informaci\u00f3n acerca de tus preferencias y personalizar.<\/li>\n<\/ul>\n<p>&nbsp;<\/p>\n<ul>\n<li>Acelerar tus b\u00fasquedas.<\/li>\n<\/ul>\n<p>&nbsp;<\/p>\n<ul>\n<li>Reconocerte cuando regreses de nuevo a nuestro sitio.<\/li>\n<\/ul>\n<p>&nbsp;<\/p>\n<ol start=\"4\">\n<li>Puedes negarte a aceptar cookies activando la configuraci\u00f3n en tu navegador que permite rechazar las cookies. No obstante, si seleccionas esta configuraci\u00f3n, quiz\u00e1s no puedas acceder a determinadas partes del Sitio Web o no puedas aprovecharte de alguno de nuestros servicios. A menos que hayas ajustado la configuraci\u00f3n de tu navegador de forma que rechace cookies, nuestro sistema producir\u00e1 cookies cuando te conectes a nuestro sitio. nuestro sitio web de conformidad con tus intereses individuales.<\/li>\n<\/ol>\n<h3 data-fontsize=\"18\" data-lineheight=\"27\"><strong>Programas que utilizan las cookies<\/strong><\/h3>\n<div class=\"flip-box-back\">\n<div class=\"flip-box-back-inner\">\n<h4 class=\"flip-box-heading-back\" data-fontsize=\"16\" data-lineheight=\"24\">JavaScript \/ Sesion<\/h4>\n<p>Garantizar el correcto funcionamiento del sitio, detectando si el usuario que ha accedido tiene habilitada la posibilidad de utilizar JavaScript (lenguaje de programaci\u00f3n interpretado que, entre otras cosas, permite una mejora en la experiencia de usuario de este Sitio), o de mantener la sesi\u00f3n en el gestor de contenidos.<\/p>\n<\/div>\n<div class=\"flip-box-back\">\n<div class=\"flip-box-back-inner\">\n<h4 class=\"flip-box-heading-back\" data-fontsize=\"16\" data-lineheight=\"24\">Redes Sociales<\/h4>\n<p>Cada red social establece una serie de cookies que trabajan de manera independiente en cada una y que son ajenas a nuestro sitio web. Consulte directamente cada una de ellas para ver su pol\u00edtica de cookies.<\/p>\n<\/div>\n<div class=\"flip-box-back\">\n<div class=\"flip-box-back-inner\">\n<h4 class=\"flip-box-heading-back\" data-fontsize=\"16\" data-lineheight=\"24\">Google Analytics<\/h4>\n<p>Nuestro sitio web utiliza Google analytics para el seguimiento de tr\u00e1fico web y entre los elementos que utiliza son:<\/p>\n<ul>\n<li>Generar un identificador de usuario \u00fanico, que es el que se utiliza para hacer recuento de cu\u00e1ntas veces visita el sitio un usuario, as\u00ed como la fecha de la primera y la \u00faltima vez que visit\u00f3 la web.<\/li>\n<li>Registrar la fecha y hora de acceso a cualquiera de las p\u00e1ginas del Sitio.<\/li>\n<li>Comprobar la necesidad de mantener la sesi\u00f3n de un usuario abierta o crear una nueva.<\/li>\n<li>Identificar la sesi\u00f3n del usuario, para recoger la ubicaci\u00f3n geogr\u00e1fica aproximada del ordenador que accede al Sitio con efectos estad\u00edsticos.<\/li>\n<\/ul>\n<\/div>\n<\/div>\n<p>&nbsp;<\/p>\n<div class=\"flip-box-back\">\n<div class=\"flip-box-back-inner\">\n<div class=\"fusion-title title fusion-title-size-three\">\n<h3 data-fontsize=\"18\" data-lineheight=\"27\"><strong>Como deshabilitar las cookies<\/strong><\/h3>\n<div class=\"title-sep-container\">\n<div class=\"title-sep sep-double\"><\/div>\n<\/div>\n<\/div>\n<p>El usuario podr\u00e1 en cualquier momento elegir qu\u00e9 cookies quiere que funcionen dependiendo del tipo de navegador que est\u00e9 utilizando.<\/p>\n<ul>\n<li><strong>Chrome<\/strong>, desde <a href=\"https:\/\/support.google.com\/chrome\/answer\/95647?hl=en\" target=\"_blank\" rel=\"noopener noreferrer\">https:\/\/support.google.com\/chrome\/answer\/95647?hl=en<\/a><\/li>\n<li><strong>Firefox<\/strong>, desde <a href=\"https:\/\/support.mozilla.org\/en-US\/kb\/enable-and-disable-cookies-website-preferences\" target=\"_blank\" rel=\"noopener noreferrer\">https:\/\/support.mozilla.org\/en-US\/kb\/enable-and-disable-cookies-website-preferences<\/a><\/li>\n<li><strong>Safari<\/strong>, desde <a href=\"https:\/\/support.apple.com\/kb\/ph5042\" target=\"_blank\" rel=\"noopener noreferrer\">https:\/\/support.apple.com\/kb\/ph5042<\/a><\/li>\n<li><strong>Explorer<\/strong>, desde <a href=\"https:\/\/support.microsoft.com\/en-gb\/help\/17442\/windows-internet-explorer-delete-manage-cookies\" target=\"_blank\" rel=\"noopener noreferrer\">https:\/\/support.microsoft.com\/en-gb\/help\/17442\/windows-internet-explorer-delete-manage-cookies<\/a><\/li>\n<\/ul>\n<div class=\"fusion-clearfix\"><\/div>\n<\/div>\n<\/div>\n<\/div>\n<\/div>\n<\/div>\n<\/div>\n<\/div>\n<div class=\"wpb_wrapper\">\n<p>&nbsp;<\/p>\n<p align=\"justify\"><span style=\"color: #000000;\"><span style=\"font-family: Verdana, serif;\"><span style=\"font-size: small;\">\u00a9 2020 &#8211; <\/span><\/span><\/span><span style=\"color: #000000;\"><span style=\"font-family: Verdana, serif;\"><span style=\"font-size: small;\"><b> SWEET OIL CANNABIS CLUB<\/b><\/span><\/span><\/span><\/p>\n<p align=\"justify\"><span style=\"color: #000000;\"><span style=\"font-family: Verdana, serif;\"><span style=\"font-size: small;\">Todos los derechos reservados<\/span><\/span><\/span><\/p>\n","protected":false},"excerpt":{"rendered":"<p>POL\u00cdTICA DE PRIVACIDAD A trav\u00e9s del presente aviso, \u201cSWEET OIL CANNABIS CLUB\u201d (en adelante \u201cSweet\u201d), informa a los usuarios de la Web www.sweetoilcannabisclub.com, en cumplimiento del art\u00edculo 13 del Reglamento Europeo 2016\/679 de 27 de abril (RGPD), de Protecci\u00f3n de Datos de Car\u00e1cter Personal y estatal de desarrollo, con la finalidad que \u00e9stos decidan de [&hellip;]<\/p>\n","protected":false},"author":1,"featured_media":0,"parent":0,"menu_order":0,"comment_status":"closed","ping_status":"closed","template":"","meta":{"_et_pb_use_builder":"","_et_pb_old_content":"","_et_gb_content_width":"","footnotes":""},"class_list":["post-10","page","type-page","status-publish","hentry"],"yoast_head":"<!-- This site is optimized with the Yoast SEO plugin v26.7 - https:\/\/yoast.com\/wordpress\/plugins\/seo\/ -->\n<title>Cannabis Club Privacidad | Sweet Oil Cannabis Club Barcelona<\/title>\n<meta name=\"description\" content=\"Pol\u00edtica de privacidad de Cannabis Club: Cuando se comunica con Sweet Oil Cannabis Club, recopilamos algunos de sus datos para servicio.\" \/>\n<meta name=\"robots\" content=\"index, follow, max-snippet:-1, max-image-preview:large, max-video-preview:-1\" \/>\n<link rel=\"canonical\" href=\"https:\/\/sweetoilcannabisclub.com\/es\/politica-privacidad\/\" \/>\n<meta property=\"og:locale\" content=\"es_ES\" \/>\n<meta property=\"og:type\" content=\"article\" \/>\n<meta property=\"og:title\" content=\"Cannabis Club Privacidad | Sweet Oil Cannabis Club Barcelona\" \/>\n<meta property=\"og:description\" content=\"Pol\u00edtica de privacidad de Cannabis Club: Cuando se comunica con Sweet Oil Cannabis Club, recopilamos algunos de sus datos para servicio.\" \/>\n<meta property=\"og:url\" content=\"https:\/\/sweetoilcannabisclub.com\/es\/politica-privacidad\/\" \/>\n<meta property=\"og:site_name\" content=\"Sweet Oil Cannabis Club ES\" \/>\n<meta property=\"article:publisher\" content=\"https:\/\/facebook.com\/Sweetoil.club\/\" \/>\n<meta property=\"article:modified_time\" content=\"2024-09-12T08:49:53+00:00\" \/>\n<meta property=\"og:image\" content=\"https:\/\/sweetoilcannabisclub.com\/es\/wp-content\/uploads\/sites\/2\/2024\/09\/Playing-pool-at-Sweet-oil-cannabis-club.jpg\" \/>\n\t<meta property=\"og:image:width\" content=\"1772\" \/>\n\t<meta property=\"og:image:height\" content=\"1182\" \/>\n\t<meta property=\"og:image:type\" content=\"image\/jpeg\" \/>\n<meta name=\"twitter:card\" content=\"summary_large_image\" \/>\n<meta name=\"twitter:label1\" content=\"Tiempo de lectura\" \/>\n\t<meta name=\"twitter:data1\" content=\"7 minutos\" \/>\n<script type=\"application\/ld+json\" class=\"yoast-schema-graph\">{\"@context\":\"https:\/\/schema.org\",\"@graph\":[{\"@type\":\"WebPage\",\"@id\":\"https:\/\/sweetoilcannabisclub.com\/es\/politica-privacidad\/\",\"url\":\"https:\/\/sweetoilcannabisclub.com\/es\/politica-privacidad\/\",\"name\":\"Cannabis Club Privacidad | Sweet Oil Cannabis Club Barcelona\",\"isPartOf\":{\"@id\":\"https:\/\/sweetoilcannabisclub.com\/es\/#website\"},\"datePublished\":\"2020-07-08T15:00:10+00:00\",\"dateModified\":\"2024-09-12T08:49:53+00:00\",\"description\":\"Pol\u00edtica de privacidad de Cannabis Club: Cuando se comunica con Sweet Oil Cannabis Club, recopilamos algunos de sus datos para servicio.\",\"breadcrumb\":{\"@id\":\"https:\/\/sweetoilcannabisclub.com\/es\/politica-privacidad\/#breadcrumb\"},\"inLanguage\":\"es\",\"potentialAction\":[{\"@type\":\"ReadAction\",\"target\":[\"https:\/\/sweetoilcannabisclub.com\/es\/politica-privacidad\/\"]}]},{\"@type\":\"BreadcrumbList\",\"@id\":\"https:\/\/sweetoilcannabisclub.com\/es\/politica-privacidad\/#breadcrumb\",\"itemListElement\":[{\"@type\":\"ListItem\",\"position\":1,\"name\":\"Home\",\"item\":\"https:\/\/sweetoilcannabisclub.com\/es\/\"},{\"@type\":\"ListItem\",\"position\":2,\"name\":\"Politica de Privacidad\"}]},{\"@type\":\"WebSite\",\"@id\":\"https:\/\/sweetoilcannabisclub.com\/es\/#website\",\"url\":\"https:\/\/sweetoilcannabisclub.com\/es\/\",\"name\":\"Sweet Oil Cannabis Club Barcelona\",\"description\":\"Cannabis Club en Barcelona\",\"publisher\":{\"@id\":\"https:\/\/sweetoilcannabisclub.com\/es\/#organization\"},\"alternateName\":\"Sweet Oil Cannabis Club\",\"potentialAction\":[{\"@type\":\"SearchAction\",\"target\":{\"@type\":\"EntryPoint\",\"urlTemplate\":\"https:\/\/sweetoilcannabisclub.com\/es\/?s={search_term_string}\"},\"query-input\":{\"@type\":\"PropertyValueSpecification\",\"valueRequired\":true,\"valueName\":\"search_term_string\"}}],\"inLanguage\":\"es\"},{\"@type\":\"Organization\",\"@id\":\"https:\/\/sweetoilcannabisclub.com\/es\/#organization\",\"name\":\"Sweet Oil Cannabis Club Barcelona\",\"alternateName\":\"Sweet Oil Cannabis Club\",\"url\":\"https:\/\/sweetoilcannabisclub.com\/es\/\",\"logo\":{\"@type\":\"ImageObject\",\"inLanguage\":\"es\",\"@id\":\"https:\/\/sweetoilcannabisclub.com\/es\/#\/schema\/logo\/image\/\",\"url\":\"https:\/\/sweetoilcannabisclub.com\/es\/wp-content\/uploads\/sites\/2\/2020\/07\/sweet-oil-csc-logo.png\",\"contentUrl\":\"https:\/\/sweetoilcannabisclub.com\/es\/wp-content\/uploads\/sites\/2\/2020\/07\/sweet-oil-csc-logo.png\",\"width\":175,\"height\":175,\"caption\":\"Sweet Oil Cannabis Club Barcelona\"},\"image\":{\"@id\":\"https:\/\/sweetoilcannabisclub.com\/es\/#\/schema\/logo\/image\/\"},\"sameAs\":[\"https:\/\/facebook.com\/Sweetoil.club\/\",\"https:\/\/instagram.com\/sweetoilclub\/\"]}]}<\/script>\n<!-- \/ Yoast SEO plugin. -->","yoast_head_json":{"title":"Cannabis Club Privacidad | Sweet Oil Cannabis Club Barcelona","description":"Pol\u00edtica de privacidad de Cannabis Club: Cuando se comunica con Sweet Oil Cannabis Club, recopilamos algunos de sus datos para servicio.","robots":{"index":"index","follow":"follow","max-snippet":"max-snippet:-1","max-image-preview":"max-image-preview:large","max-video-preview":"max-video-preview:-1"},"canonical":"https:\/\/sweetoilcannabisclub.com\/es\/politica-privacidad\/","og_locale":"es_ES","og_type":"article","og_title":"Cannabis Club Privacidad | Sweet Oil Cannabis Club Barcelona","og_description":"Pol\u00edtica de privacidad de Cannabis Club: Cuando se comunica con Sweet Oil Cannabis Club, recopilamos algunos de sus datos para servicio.","og_url":"https:\/\/sweetoilcannabisclub.com\/es\/politica-privacidad\/","og_site_name":"Sweet Oil Cannabis Club ES","article_publisher":"https:\/\/facebook.com\/Sweetoil.club\/","article_modified_time":"2024-09-12T08:49:53+00:00","og_image":[{"width":1772,"height":1182,"url":"https:\/\/sweetoilcannabisclub.com\/es\/wp-content\/uploads\/sites\/2\/2024\/09\/Playing-pool-at-Sweet-oil-cannabis-club.jpg","type":"image\/jpeg"}],"twitter_card":"summary_large_image","twitter_misc":{"Tiempo de lectura":"7 minutos"},"schema":{"@context":"https:\/\/schema.org","@graph":[{"@type":"WebPage","@id":"https:\/\/sweetoilcannabisclub.com\/es\/politica-privacidad\/","url":"https:\/\/sweetoilcannabisclub.com\/es\/politica-privacidad\/","name":"Cannabis Club Privacidad | Sweet Oil Cannabis Club Barcelona","isPartOf":{"@id":"https:\/\/sweetoilcannabisclub.com\/es\/#website"},"datePublished":"2020-07-08T15:00:10+00:00","dateModified":"2024-09-12T08:49:53+00:00","description":"Pol\u00edtica de privacidad de Cannabis Club: Cuando se comunica con Sweet Oil Cannabis Club, recopilamos algunos de sus datos para servicio.","breadcrumb":{"@id":"https:\/\/sweetoilcannabisclub.com\/es\/politica-privacidad\/#breadcrumb"},"inLanguage":"es","potentialAction":[{"@type":"ReadAction","target":["https:\/\/sweetoilcannabisclub.com\/es\/politica-privacidad\/"]}]},{"@type":"BreadcrumbList","@id":"https:\/\/sweetoilcannabisclub.com\/es\/politica-privacidad\/#breadcrumb","itemListElement":[{"@type":"ListItem","position":1,"name":"Home","item":"https:\/\/sweetoilcannabisclub.com\/es\/"},{"@type":"ListItem","position":2,"name":"Politica de Privacidad"}]},{"@type":"WebSite","@id":"https:\/\/sweetoilcannabisclub.com\/es\/#website","url":"https:\/\/sweetoilcannabisclub.com\/es\/","name":"Sweet Oil Cannabis Club Barcelona","description":"Cannabis Club en Barcelona","publisher":{"@id":"https:\/\/sweetoilcannabisclub.com\/es\/#organization"},"alternateName":"Sweet Oil Cannabis Club","potentialAction":[{"@type":"SearchAction","target":{"@type":"EntryPoint","urlTemplate":"https:\/\/sweetoilcannabisclub.com\/es\/?s={search_term_string}"},"query-input":{"@type":"PropertyValueSpecification","valueRequired":true,"valueName":"search_term_string"}}],"inLanguage":"es"},{"@type":"Organization","@id":"https:\/\/sweetoilcannabisclub.com\/es\/#organization","name":"Sweet Oil Cannabis Club Barcelona","alternateName":"Sweet Oil Cannabis Club","url":"https:\/\/sweetoilcannabisclub.com\/es\/","logo":{"@type":"ImageObject","inLanguage":"es","@id":"https:\/\/sweetoilcannabisclub.com\/es\/#\/schema\/logo\/image\/","url":"https:\/\/sweetoilcannabisclub.com\/es\/wp-content\/uploads\/sites\/2\/2020\/07\/sweet-oil-csc-logo.png","contentUrl":"https:\/\/sweetoilcannabisclub.com\/es\/wp-content\/uploads\/sites\/2\/2020\/07\/sweet-oil-csc-logo.png","width":175,"height":175,"caption":"Sweet Oil Cannabis Club Barcelona"},"image":{"@id":"https:\/\/sweetoilcannabisclub.com\/es\/#\/schema\/logo\/image\/"},"sameAs":["https:\/\/facebook.com\/Sweetoil.club\/","https:\/\/instagram.com\/sweetoilclub\/"]}]}},"_links":{"self":[{"href":"https:\/\/sweetoilcannabisclub.com\/es\/wp-json\/wp\/v2\/pages\/10","targetHints":{"allow":["GET"]}}],"collection":[{"href":"https:\/\/sweetoilcannabisclub.com\/es\/wp-json\/wp\/v2\/pages"}],"about":[{"href":"https:\/\/sweetoilcannabisclub.com\/es\/wp-json\/wp\/v2\/types\/page"}],"author":[{"embeddable":true,"href":"https:\/\/sweetoilcannabisclub.com\/es\/wp-json\/wp\/v2\/users\/1"}],"replies":[{"embeddable":true,"href":"https:\/\/sweetoilcannabisclub.com\/es\/wp-json\/wp\/v2\/comments?post=10"}],"version-history":[{"count":3,"href":"https:\/\/sweetoilcannabisclub.com\/es\/wp-json\/wp\/v2\/pages\/10\/revisions"}],"predecessor-version":[{"id":238971,"href":"https:\/\/sweetoilcannabisclub.com\/es\/wp-json\/wp\/v2\/pages\/10\/revisions\/238971"}],"wp:attachment":[{"href":"https:\/\/sweetoilcannabisclub.com\/es\/wp-json\/wp\/v2\/media?parent=10"}],"curies":[{"name":"wp","href":"https:\/\/api.w.org\/{rel}","templated":true}]}}